{"id":12361,"date":"2023-12-13T18:35:09","date_gmt":"2023-12-13T07:35:09","guid":{"rendered":"https:\/\/ozponcho.com.au\/p\/spring-autumn-women-clothing-solid-color-turtleneck-cape-shawl-waistcoat-poncho-knitted-sweater\/"},"modified":"2026-01-16T19:14:20","modified_gmt":"2026-01-16T08:14:20","slug":"sophisticated-cozy-knit-cape","status":"publish","type":"product","link":"https:\/\/ozponcho.com.au\/cs\/p\/sofistikovany-utulny-pleteny-plast\/","title":{"rendered":"Elegantn\u00ed pleten\u00e9 pon\u010do s rol\u00e1kem"},"content":{"rendered":"<p>Vylep\u0161ete sv\u016fj styl v t\u00e9to sez\u00f3n\u011b s na\u0161\u00edm elegantn\u00edm pleten\u00fdm pon\u010dem s rol\u00e1kem. Tento n\u00e1dhern\u00fd kousek u\u0161it\u00fd na m\u00edru modern\u00ed \u017een\u011b nab\u00edz\u00ed pohodl\u00ed i eleganci. Je vyrobeno z ply\u0161ov\u00e9ho akrylu a jeho \u017eebrovan\u00e1 pleten\u00e1 struktura zaji\u0161\u0165uje teplo b\u011bhem sychrav\u00fdch jarn\u00edch a podzimn\u00edch dn\u016f. Vysok\u00fd rol\u00e1k zv\u00fdraz\u0148uje v\u00fdst\u0159ih a dod\u00e1v\u00e1 va\u0161emu kompletu n\u00e1dech rafinovanosti. Toto elegantn\u00ed pon\u010do bez ruk\u00e1v\u016f ve sv\u011b\u017ee b\u00edl\u00e9m odst\u00ednu je univerz\u00e1ln\u00edm dopl\u0148kem ka\u017ed\u00e9ho \u0161atn\u00edku. Bez n\u00e1mahy ho zkombinujte s obl\u00edben\u00fdmi spodn\u00edmi d\u00edly a z\u00edskejte elegantn\u00ed vzhled. Vyzkou\u0161ejte dokonalou kombinaci sofistikovanosti a \u00fatulnosti s t\u00edmto nezbytn\u00fdm m\u00f3dn\u00edm kouskem.<\/p>\n<div>Styl: Le\u017e\u00e9rn\u00ed<\/div>\n<div>P\u0159izp\u016fsoben\u00ed: Voln\u00fd<\/div>\n<div>Tkanina: Akryl:<\/div>\n<div>Vzor: Pevn\u00fd<\/div>\n<div>Prvek: Non<\/div>\n<div>Horn\u00ed d\u00e9lka: Crop<\/div>\n<div>V\u00fdst\u0159ih: V\u00fdst\u0159ih: \u017eelv\u00ed\/vysok\u00fd v\u00fdst\u0159ih<\/div>\n<div>Typ ruk\u00e1vu: Ostatn\u00ed<\/div>\n<div>D\u00e9lka ruk\u00e1v\u016f: bez ruk\u00e1v\u016f<\/div>\n<div>Hlavn\u00ed slo\u017een\u00ed: Akryl<\/div>\n<div>Sez\u00f3na: Jaro\/podzim<\/div>\n<p><img decoding=\"async\" src=\"https:\/\/ozponcho.com.au\/wp-content\/uploads\/2024\/03\/991425895220641792.png\" \/><img decoding=\"async\" src=\"https:\/\/ozponcho.com.au\/wp-content\/uploads\/2024\/03\/O1CN01Z2NMO81QmkKxWvcSZ_2206658962019-0-cib.jpg\" \/><img decoding=\"async\" src=\"https:\/\/ozponcho.com.au\/wp-content\/uploads\/2024\/03\/O1CN012swU8n1QmkKtw1ocD_2206658962019-0-cib.jpg\" \/><img decoding=\"async\" src=\"https:\/\/ozponcho.com.au\/wp-content\/uploads\/2024\/03\/O1CN01iND4t61QmkKwu4BiQ_2206658962019-0-cib.jpg\" \/><img decoding=\"async\" src=\"https:\/\/ozponcho.com.au\/wp-content\/uploads\/2024\/03\/O1CN01gwqO861QmkKtQFYDb_2206658962019-0-cib.jpg\" \/><img decoding=\"async\" src=\"https:\/\/ozponcho.com.au\/wp-content\/uploads\/2024\/03\/O1CN01kCOfc81QmkKtRU9AN_2206658962019-0-cib.jpg\" \/><img decoding=\"async\" src=\"https:\/\/ozponcho.com.au\/wp-content\/uploads\/2024\/03\/O1CN01K9YlN31QmkKxOYphQ_2206658962019-0-cib.jpg\" \/><img decoding=\"async\" src=\"https:\/\/ozponcho.com.au\/wp-content\/uploads\/2024\/03\/O1CN01ZHQtIr1QmkKzw553e_2206658962019-0-cib.jpg\" \/><img decoding=\"async\" src=\"https:\/\/ozponcho.com.au\/wp-content\/uploads\/2024\/03\/O1CN01cZYGpM1QmkKzw1FwE_2206658962019-0-cib.jpg\" \/><img decoding=\"async\" src=\"https:\/\/ozponcho.com.au\/wp-content\/uploads\/2024\/03\/O1CN01xZ1OH51QmkKrQ98bA_2206658962019-0-cib.jpg\" \/><img decoding=\"async\" src=\"https:\/\/ozponcho.com.au\/wp-content\/uploads\/2024\/03\/O1CN01mhbJ9h1QmkKyQXKuL_2206658962019-0-cib.jpg\" \/><img decoding=\"async\" src=\"https:\/\/ozponcho.com.au\/wp-content\/uploads\/2024\/03\/O1CN01A5s9TC1QmkKkmhwS3_2206658962019-0-cib.jpg\" \/><\/p>","protected":false},"excerpt":{"rendered":"<p>Elevate your style this season with our Chic Turtleneck Knit Poncho. This exquisite piece, tailored for the modern woman, offers both comfort and elegance. Crafted from plush acrylic, its ribbed knit texture ensures warmth during brisk spring and autumn days. A high turtleneck design accentuates the neckline, providing a touch of refinement to your ensemble. [&#8230;]","protected":false},"featured_media":12314,"template":"","meta":[],"product_brand":[],"product_cat":[216,15,228,214,210],"product_tag":[],"class_list":{"0":"post-12361","1":"product","2":"type-product","3":"status-publish","4":"has-post-thumbnail","6":"product_cat-cashmere-poncho","7":"product_cat-main-category","8":"product_cat-poncho-sweater","9":"product_cat-knitted-crochet-poncho","10":"product_cat-poncho-women","12":"first","13":"instock","14":"shipping-taxable","15":"purchasable","16":"product-type-variable"},"yoast_head":"<!-- This site is optimized with the Yoast SEO plugin v25.9 - https:\/\/yoast.com\/wordpress\/plugins\/seo\/ -->\n<title>Chic Turtleneck Knit Poncho | \u010cesk\u00e1 republika #1 Poncho Shop<\/title>\n<meta name=\"description\" content=\"Looking for a Chic Turtleneck Knit Poncho ? You&#039;ve come to the right place \ud83d\ude04 We offers a wide selection of Chic Turtleneck Knit Poncho, perfect for you.\" \/>\n<meta name=\"robots\" content=\"index, follow, max-snippet:-1, max-image-preview:large, max-video-preview:-1\" \/>\n<link rel=\"canonical\" href=\"https:\/\/ozponcho.com.au\/cs\/p\/sofistikovany-utulny-pleteny-plast\/\" \/>\n<meta property=\"og:locale\" content=\"cs_CZ\" \/>\n<meta property=\"og:type\" content=\"article\" \/>\n<meta property=\"og:title\" content=\"Chic Turtleneck Knit Poncho | \u010cesk\u00e1 republika #1 Poncho Shop\" \/>\n<meta property=\"og:description\" content=\"Looking for a Chic Turtleneck Knit Poncho ? You&#039;ve come to the right place \ud83d\ude04 We offers a wide selection of Chic Turtleneck Knit Poncho, perfect for you.\" \/>\n<meta property=\"og:url\" content=\"https:\/\/ozponcho.com.au\/cs\/p\/sofistikovany-utulny-pleteny-plast\/\" \/>\n<meta property=\"og:site_name\" content=\"OZ Poncho\" \/>\n<meta property=\"article:modified_time\" content=\"2026-01-16T08:14:20+00:00\" \/>\n<meta property=\"og:image\" content=\"https:\/\/ozponcho.com.au\/wp-content\/uploads\/2023\/12\/O1CN01gwqO861QmkKtQFYDb_2206658962019-0-cib.jpg\" \/>\n\t<meta property=\"og:image:width\" content=\"800\" \/>\n\t<meta property=\"og:image:height\" content=\"1000\" \/>\n\t<meta property=\"og:image:type\" content=\"image\/jpeg\" \/>\n<meta name=\"twitter:card\" content=\"summary_large_image\" \/>\n<meta name=\"twitter:label1\" content=\"Odhadovan\u00e1 doba \u010dten\u00ed\" \/>\n\t<meta name=\"twitter:data1\" content=\"4 minuty\" \/>\n<script type=\"application\/ld+json\" class=\"yoast-schema-graph\">{\"@context\":\"https:\/\/schema.org\",\"@graph\":[{\"@type\":\"WebPage\",\"@id\":\"https:\/\/ozponcho.com.au\/p\/sophisticated-cozy-knit-cape\/\",\"url\":\"https:\/\/ozponcho.com.au\/p\/sophisticated-cozy-knit-cape\/\",\"name\":\"Chic Turtleneck Knit Poncho | \u010cesk\u00e1 republika #1 Poncho Shop\",\"isPartOf\":{\"@id\":\"https:\/\/ozponcho.com.au\/#website\"},\"primaryImageOfPage\":{\"@id\":\"https:\/\/ozponcho.com.au\/p\/sophisticated-cozy-knit-cape\/#primaryimage\"},\"image\":{\"@id\":\"https:\/\/ozponcho.com.au\/p\/sophisticated-cozy-knit-cape\/#primaryimage\"},\"thumbnailUrl\":\"https:\/\/ozponcho.com.au\/wp-content\/uploads\/2023\/12\/O1CN01gwqO861QmkKtQFYDb_2206658962019-0-cib.jpg\",\"datePublished\":\"2023-12-13T07:35:09+00:00\",\"dateModified\":\"2026-01-16T08:14:20+00:00\",\"description\":\"Looking for a Chic Turtleneck Knit Poncho ? You've come to the right place \ud83d\ude04 We offers a wide selection of Chic Turtleneck Knit Poncho, perfect for you.\",\"breadcrumb\":{\"@id\":\"https:\/\/ozponcho.com.au\/p\/sophisticated-cozy-knit-cape\/#breadcrumb\"},\"inLanguage\":\"cs\",\"potentialAction\":[{\"@type\":\"ReadAction\",\"target\":[\"https:\/\/ozponcho.com.au\/p\/sophisticated-cozy-knit-cape\/\"]}]},{\"@type\":\"ImageObject\",\"inLanguage\":\"cs\",\"@id\":\"https:\/\/ozponcho.com.au\/p\/sophisticated-cozy-knit-cape\/#primaryimage\",\"url\":\"https:\/\/ozponcho.com.au\/wp-content\/uploads\/2023\/12\/O1CN01gwqO861QmkKtQFYDb_2206658962019-0-cib.jpg\",\"contentUrl\":\"https:\/\/ozponcho.com.au\/wp-content\/uploads\/2023\/12\/O1CN01gwqO861QmkKtQFYDb_2206658962019-0-cib.jpg\",\"width\":800,\"height\":1000,\"caption\":\"Chic Turtleneck Knit Poncho\"},{\"@type\":\"BreadcrumbList\",\"@id\":\"https:\/\/ozponcho.com.au\/p\/sophisticated-cozy-knit-cape\/#breadcrumb\",\"itemListElement\":[{\"@type\":\"ListItem\",\"position\":1,\"name\":\"Home\",\"item\":\"https:\/\/ozponcho.com.au\/\"},{\"@type\":\"ListItem\",\"position\":2,\"name\":\"Shop\",\"item\":\"https:\/\/ozponcho.com.au\/shop\/\"},{\"@type\":\"ListItem\",\"position\":3,\"name\":\"Chic Turtleneck Knit Poncho\"}]},{\"@type\":\"WebSite\",\"@id\":\"https:\/\/ozponcho.com.au\/#website\",\"url\":\"https:\/\/ozponcho.com.au\/\",\"name\":\"OZ Poncho\",\"description\":\"\",\"potentialAction\":[{\"@type\":\"SearchAction\",\"target\":{\"@type\":\"EntryPoint\",\"urlTemplate\":\"https:\/\/ozponcho.com.au\/?s={search_term_string}\"},\"query-input\":{\"@type\":\"PropertyValueSpecification\",\"valueRequired\":true,\"valueName\":\"search_term_string\"}}],\"inLanguage\":\"cs\"}]}<\/script>\n<!-- \/ Yoast SEO plugin. -->","yoast_head_json":{"title":"Elegantn\u00ed pleten\u00e9 pon\u010do s rol\u00e1kem | \u010cesk\u00e1 republika #1 Poncho Shop","description":"Hled\u00e1te elegantn\u00ed pleten\u00e9 pon\u010do s rol\u00e1kem ? Jste na spr\u00e1vn\u00e9m m\u00edst\u011b \ud83d\ude04 Nab\u00edz\u00edme \u0161irok\u00fd v\u00fdb\u011br Chic Turtleneck Knit Poncho, ide\u00e1ln\u00ed pro v\u00e1s.","robots":{"index":"index","follow":"follow","max-snippet":"max-snippet:-1","max-image-preview":"max-image-preview:large","max-video-preview":"max-video-preview:-1"},"canonical":"https:\/\/ozponcho.com.au\/cs\/p\/sofistikovany-utulny-pleteny-plast\/","og_locale":"cs_CZ","og_type":"article","og_title":"Chic Turtleneck Knit Poncho | \u010cesk\u00e1 republika #1 Poncho Shop","og_description":"Looking for a Chic Turtleneck Knit Poncho ? You've come to the right place \ud83d\ude04 We offers a wide selection of Chic Turtleneck Knit Poncho, perfect for you.","og_url":"https:\/\/ozponcho.com.au\/cs\/p\/sofistikovany-utulny-pleteny-plast\/","og_site_name":"OZ Poncho","article_modified_time":"2026-01-16T08:14:20+00:00","og_image":[{"width":800,"height":1000,"url":"https:\/\/ozponcho.com.au\/wp-content\/uploads\/2023\/12\/O1CN01gwqO861QmkKtQFYDb_2206658962019-0-cib.jpg","type":"image\/jpeg"}],"twitter_card":"summary_large_image","twitter_misc":{"Odhadovan\u00e1 doba \u010dten\u00ed":"4 minuty"},"schema":{"@context":"https:\/\/schema.org","@graph":[{"@type":"WebPage","@id":"https:\/\/ozponcho.com.au\/p\/sophisticated-cozy-knit-cape\/","url":"https:\/\/ozponcho.com.au\/p\/sophisticated-cozy-knit-cape\/","name":"Elegantn\u00ed pleten\u00e9 pon\u010do s rol\u00e1kem | \u010cesk\u00e1 republika #1 Poncho Shop","isPartOf":{"@id":"https:\/\/ozponcho.com.au\/#website"},"primaryImageOfPage":{"@id":"https:\/\/ozponcho.com.au\/p\/sophisticated-cozy-knit-cape\/#primaryimage"},"image":{"@id":"https:\/\/ozponcho.com.au\/p\/sophisticated-cozy-knit-cape\/#primaryimage"},"thumbnailUrl":"https:\/\/ozponcho.com.au\/wp-content\/uploads\/2023\/12\/O1CN01gwqO861QmkKtQFYDb_2206658962019-0-cib.jpg","datePublished":"2023-12-13T07:35:09+00:00","dateModified":"2026-01-16T08:14:20+00:00","description":"Hled\u00e1te elegantn\u00ed pleten\u00e9 pon\u010do s rol\u00e1kem ? Jste na spr\u00e1vn\u00e9m m\u00edst\u011b \ud83d\ude04 Nab\u00edz\u00edme \u0161irok\u00fd v\u00fdb\u011br Chic Turtleneck Knit Poncho, ide\u00e1ln\u00ed pro v\u00e1s.","breadcrumb":{"@id":"https:\/\/ozponcho.com.au\/p\/sophisticated-cozy-knit-cape\/#breadcrumb"},"inLanguage":"cs","potentialAction":[{"@type":"ReadAction","target":["https:\/\/ozponcho.com.au\/p\/sophisticated-cozy-knit-cape\/"]}]},{"@type":"ImageObject","inLanguage":"cs","@id":"https:\/\/ozponcho.com.au\/p\/sophisticated-cozy-knit-cape\/#primaryimage","url":"https:\/\/ozponcho.com.au\/wp-content\/uploads\/2023\/12\/O1CN01gwqO861QmkKtQFYDb_2206658962019-0-cib.jpg","contentUrl":"https:\/\/ozponcho.com.au\/wp-content\/uploads\/2023\/12\/O1CN01gwqO861QmkKtQFYDb_2206658962019-0-cib.jpg","width":800,"height":1000,"caption":"Chic Turtleneck Knit Poncho"},{"@type":"BreadcrumbList","@id":"https:\/\/ozponcho.com.au\/p\/sophisticated-cozy-knit-cape\/#breadcrumb","itemListElement":[{"@type":"ListItem","position":1,"name":"Home","item":"https:\/\/ozponcho.com.au\/"},{"@type":"ListItem","position":2,"name":"Shop","item":"https:\/\/ozponcho.com.au\/shop\/"},{"@type":"ListItem","position":3,"name":"Chic Turtleneck Knit Poncho"}]},{"@type":"WebSite","@id":"https:\/\/ozponcho.com.au\/#website","url":"https:\/\/ozponcho.com.au\/","name":"OZ Poncho","description":"","potentialAction":[{"@type":"SearchAction","target":{"@type":"EntryPoint","urlTemplate":"https:\/\/ozponcho.com.au\/?s={search_term_string}"},"query-input":{"@type":"PropertyValueSpecification","valueRequired":true,"valueName":"search_term_string"}}],"inLanguage":"cs"}]}},"_links":{"self":[{"href":"https:\/\/ozponcho.com.au\/cs\/wp-json\/wp\/v2\/product\/12361","targetHints":{"allow":["GET"]}}],"collection":[{"href":"https:\/\/ozponcho.com.au\/cs\/wp-json\/wp\/v2\/product"}],"about":[{"href":"https:\/\/ozponcho.com.au\/cs\/wp-json\/wp\/v2\/types\/product"}],"wp:featuredmedia":[{"embeddable":true,"href":"https:\/\/ozponcho.com.au\/cs\/wp-json\/wp\/v2\/media\/12314"}],"wp:attachment":[{"href":"https:\/\/ozponcho.com.au\/cs\/wp-json\/wp\/v2\/media?parent=12361"}],"wp:term":[{"taxonomy":"product_brand","embeddable":true,"href":"https:\/\/ozponcho.com.au\/cs\/wp-json\/wp\/v2\/product_brand?post=12361"},{"taxonomy":"product_cat","embeddable":true,"href":"https:\/\/ozponcho.com.au\/cs\/wp-json\/wp\/v2\/product_cat?post=12361"},{"taxonomy":"product_tag","embeddable":true,"href":"https:\/\/ozponcho.com.au\/cs\/wp-json\/wp\/v2\/product_tag?post=12361"}],"curies":[{"name":"wp","href":"https:\/\/api.w.org\/{rel}","templated":true}]}}