{"id":12359,"date":"2023-12-13T18:35:07","date_gmt":"2023-12-13T07:35:07","guid":{"rendered":"https:\/\/ozponcho.com.au\/p\/vacation-hand-crocheting-tassel-shawl-cardigan-bikini-sexy-size-floral-block-cloak\/"},"modified":"2025-04-07T12:46:26","modified_gmt":"2025-04-07T01:46:26","slug":"casual-fringe-floral-shawl","status":"publish","type":"product","link":"https:\/\/ozponcho.com.au\/cs\/p\/lezerni-kvetinovy-satek-s-trasnemi\/","title":{"rendered":"\u010cesk\u00e9 kv\u011btinov\u00e9 pon\u010do se st\u0159apci"},"content":{"rendered":"<p>Zahalte se do boh\u00e9msk\u00e9ho kouzla s t\u00edmto elegantn\u00edm \u0161ed\u00fdm pon\u010dem, kter\u00e9 je ide\u00e1ln\u00ed pro dopln\u011bn\u00ed va\u0161eho \u0161atn\u00edku o n\u00e1dech le\u017e\u00e9rn\u00ed sofistikovanosti. Tento v\u0161estrann\u00fd kousek s kr\u00e1sn\u00fdmi modr\u00fdmi kv\u011btinov\u00fdmi aplikacemi a hrav\u00fdmi st\u0159apci s t\u0159\u00e1sn\u011bmi slou\u017e\u00ed jako \u0161\u00e1lov\u00fd kardigan, tak\u017ee je ide\u00e1ln\u00edm spole\u010dn\u00edkem na jarn\u00ed a podzimn\u00ed v\u00fdlety. Je vyroben z m\u011bkk\u00e9 akrylov\u00e9 sm\u011bsi bavlny a jeho voln\u00fd 3\/4 ruk\u00e1v zaji\u0161\u0165uje pohodl\u00ed a volnost pohybu. A\u0165 u\u017e se povalujete na pl\u00e1\u017ei, nebo si u\u017e\u00edv\u00e1te pr\u00e1zdninov\u00fd \u00fat\u011bk, toto sv\u016fdn\u00e9 pon\u010do jist\u011b podtrhne v\u00e1\u0161 styl sv\u00fdm jedine\u010dn\u00fdm ru\u010dn\u011b h\u00e1\u010dkovan\u00fdm vzhledem.<\/p>\n<div>Styl: Le\u017e\u00e9rn\u00ed<\/div>\n<div>P\u0159izp\u016fsoben\u00ed: Voln\u00fd<\/div>\n<div>Tkanina: Bavln\u011bn\u00e9 sm\u011bsi<\/div>\n<div>Vzor: Potisk<\/div>\n<div>Prvek: T\u0159\u00e1sn\u011b<\/div>\n<div>Horn\u00ed d\u00e9lka: Dlouh\u00fd<\/div>\n<div>Typ ruk\u00e1vu: Ostatn\u00ed<\/div>\n<div>D\u00e9lka ruk\u00e1vu: 3\/4 ruk\u00e1v<\/div>\n<div>Typ uz\u00e1v\u011bru: Jin\u00e9<\/div>\n<div>Hlavn\u00ed slo\u017een\u00ed: Akryl<\/div>\n<div>Sez\u00f3na: Jaro\/podzim<\/div>\n<p><img decoding=\"async\" src=\"https:\/\/ozponcho.com.au\/wp-content\/uploads\/2024\/03\/981873554716884992.png\" \/><img decoding=\"async\" src=\"https:\/\/ozponcho.com.au\/wp-content\/uploads\/2024\/03\/O1CN01oKwhKC1K28OJmOIY0_3521621105-0-cib.jpg\" \/><img decoding=\"async\" src=\"https:\/\/ozponcho.com.au\/wp-content\/uploads\/2024\/03\/O1CN01kjlWmS1K28OJmOQpV_3521621105-0-cib.jpg\" \/><img decoding=\"async\" src=\"https:\/\/ozponcho.com.au\/wp-content\/uploads\/2024\/03\/O1CN01eFX64C1K28OJmQVkX_3521621105-0-cib.jpg\" \/><img decoding=\"async\" src=\"https:\/\/ozponcho.com.au\/wp-content\/uploads\/2024\/03\/O1CN0182Fau61K28OJmOIX9_3521621105-0-cib.jpg\" \/><img decoding=\"async\" src=\"https:\/\/ozponcho.com.au\/wp-content\/uploads\/2024\/03\/O1CN01wlYeCZ1K28OBigxR0_3521621105-0-cib.jpg\" \/><img decoding=\"async\" src=\"https:\/\/ozponcho.com.au\/wp-content\/uploads\/2024\/03\/O1CN017FSFba1K28OCfmU4H_3521621105-0-cib.jpg\" \/><\/p>","protected":false},"excerpt":{"rendered":"<p>Wrap yourself in bohemian charm with this elegant grey poncho, perfect for adding a touch of casual sophistication to your wardrobe. Featuring beautiful blue floral appliqu\u00c3\u00a9s and playful fringe tassels, this versatile piece doubles as a shawl cardigan, making it an ideal companion for spring and fall outings. Composed of soft acrylic cotton blends, its [&#8230;]","protected":false},"featured_media":12315,"template":"","meta":[],"product_brand":[],"product_cat":[225,15,228,214,210],"product_tag":[],"class_list":{"0":"post-12359","1":"product","2":"type-product","3":"status-publish","4":"has-post-thumbnail","6":"product_cat-grey-poncho","7":"product_cat-main-category","8":"product_cat-poncho-sweater","9":"product_cat-knitted-crochet-poncho","10":"product_cat-poncho-women","12":"first","13":"outofstock","14":"shipping-taxable","15":"purchasable","16":"product-type-variable"},"yoast_head":"<!-- This site is optimized with the Yoast SEO plugin v25.9 - https:\/\/yoast.com\/wordpress\/plugins\/seo\/ -->\n<title>Bohemian Floral Tassel Poncho | \u010cesk\u00e1 republika #1 Poncho Shop<\/title>\n<meta name=\"description\" content=\"Looking for a Bohemian Floral Tassel Poncho ? You&#039;ve come to the right place \ud83d\ude04 We offers a wide selection of Bohemian Floral Tassel Poncho, perfect for you.\" \/>\n<meta name=\"robots\" content=\"index, follow, max-snippet:-1, max-image-preview:large, max-video-preview:-1\" \/>\n<link rel=\"canonical\" href=\"https:\/\/ozponcho.com.au\/cs\/p\/lezerni-kvetinovy-satek-s-trasnemi\/\" \/>\n<meta property=\"og:locale\" content=\"cs_CZ\" \/>\n<meta property=\"og:type\" content=\"article\" \/>\n<meta property=\"og:title\" content=\"Bohemian Floral Tassel Poncho | \u010cesk\u00e1 republika #1 Poncho Shop\" \/>\n<meta property=\"og:description\" content=\"Looking for a Bohemian Floral Tassel Poncho ? You&#039;ve come to the right place \ud83d\ude04 We offers a wide selection of Bohemian Floral Tassel Poncho, perfect for you.\" \/>\n<meta property=\"og:url\" content=\"https:\/\/ozponcho.com.au\/cs\/p\/lezerni-kvetinovy-satek-s-trasnemi\/\" \/>\n<meta property=\"og:site_name\" content=\"OZ Poncho\" \/>\n<meta property=\"article:modified_time\" content=\"2025-04-07T01:46:26+00:00\" \/>\n<meta property=\"og:image\" content=\"https:\/\/ozponcho.com.au\/wp-content\/uploads\/2023\/12\/O1CN01bJBqRL1K28OG04wFW_3521621105-0-cib.jpg\" \/>\n\t<meta property=\"og:image:width\" content=\"1000\" \/>\n\t<meta property=\"og:image:height\" content=\"1000\" \/>\n\t<meta property=\"og:image:type\" content=\"image\/jpeg\" \/>\n<meta name=\"twitter:card\" content=\"summary_large_image\" \/>\n<meta name=\"twitter:label1\" content=\"Odhadovan\u00e1 doba \u010dten\u00ed\" \/>\n\t<meta name=\"twitter:data1\" content=\"1 minuta\" \/>\n<script type=\"application\/ld+json\" class=\"yoast-schema-graph\">{\"@context\":\"https:\/\/schema.org\",\"@graph\":[{\"@type\":\"WebPage\",\"@id\":\"https:\/\/ozponcho.com.au\/p\/casual-fringe-floral-shawl\/\",\"url\":\"https:\/\/ozponcho.com.au\/p\/casual-fringe-floral-shawl\/\",\"name\":\"Bohemian Floral Tassel Poncho | \u010cesk\u00e1 republika #1 Poncho Shop\",\"isPartOf\":{\"@id\":\"https:\/\/ozponcho.com.au\/#website\"},\"primaryImageOfPage\":{\"@id\":\"https:\/\/ozponcho.com.au\/p\/casual-fringe-floral-shawl\/#primaryimage\"},\"image\":{\"@id\":\"https:\/\/ozponcho.com.au\/p\/casual-fringe-floral-shawl\/#primaryimage\"},\"thumbnailUrl\":\"https:\/\/ozponcho.com.au\/wp-content\/uploads\/2023\/12\/O1CN01bJBqRL1K28OG04wFW_3521621105-0-cib.jpg\",\"datePublished\":\"2023-12-13T07:35:07+00:00\",\"dateModified\":\"2025-04-07T01:46:26+00:00\",\"description\":\"Looking for a Bohemian Floral Tassel Poncho ? You've come to the right place \ud83d\ude04 We offers a wide selection of Bohemian Floral Tassel Poncho, perfect for you.\",\"breadcrumb\":{\"@id\":\"https:\/\/ozponcho.com.au\/p\/casual-fringe-floral-shawl\/#breadcrumb\"},\"inLanguage\":\"cs\",\"potentialAction\":[{\"@type\":\"ReadAction\",\"target\":[\"https:\/\/ozponcho.com.au\/p\/casual-fringe-floral-shawl\/\"]}]},{\"@type\":\"ImageObject\",\"inLanguage\":\"cs\",\"@id\":\"https:\/\/ozponcho.com.au\/p\/casual-fringe-floral-shawl\/#primaryimage\",\"url\":\"https:\/\/ozponcho.com.au\/wp-content\/uploads\/2023\/12\/O1CN01bJBqRL1K28OG04wFW_3521621105-0-cib.jpg\",\"contentUrl\":\"https:\/\/ozponcho.com.au\/wp-content\/uploads\/2023\/12\/O1CN01bJBqRL1K28OG04wFW_3521621105-0-cib.jpg\",\"width\":1000,\"height\":1000,\"caption\":\"Bohemian Floral Tassel Poncho\"},{\"@type\":\"BreadcrumbList\",\"@id\":\"https:\/\/ozponcho.com.au\/p\/casual-fringe-floral-shawl\/#breadcrumb\",\"itemListElement\":[{\"@type\":\"ListItem\",\"position\":1,\"name\":\"Home\",\"item\":\"https:\/\/ozponcho.com.au\/\"},{\"@type\":\"ListItem\",\"position\":2,\"name\":\"Shop\",\"item\":\"https:\/\/ozponcho.com.au\/shop\/\"},{\"@type\":\"ListItem\",\"position\":3,\"name\":\"Bohemian Floral Tassel Poncho\"}]},{\"@type\":\"WebSite\",\"@id\":\"https:\/\/ozponcho.com.au\/#website\",\"url\":\"https:\/\/ozponcho.com.au\/\",\"name\":\"OZ Poncho\",\"description\":\"\",\"potentialAction\":[{\"@type\":\"SearchAction\",\"target\":{\"@type\":\"EntryPoint\",\"urlTemplate\":\"https:\/\/ozponcho.com.au\/?s={search_term_string}\"},\"query-input\":{\"@type\":\"PropertyValueSpecification\",\"valueRequired\":true,\"valueName\":\"search_term_string\"}}],\"inLanguage\":\"cs\"}]}<\/script>\n<!-- \/ Yoast SEO plugin. -->","yoast_head_json":{"title":"\u010cesk\u00e9 kv\u011btinov\u00e9 pon\u010do se st\u0159apci | \u010cesk\u00e1 republika #1 Pon\u010do Shop","description":"Hled\u00e1te boh\u00e9msk\u00e9 kv\u011btinov\u00e9 pon\u010do se st\u0159apci ? Jste na spr\u00e1vn\u00e9m m\u00edst\u011b \ud83d\ude04 Nab\u00edz\u00edme \u0161irok\u00fd v\u00fdb\u011br boh\u00e9msk\u00e9ho kv\u011btinov\u00e9ho pon\u010da se st\u0159apci, kter\u00e9 je pro v\u00e1s ide\u00e1ln\u00ed.","robots":{"index":"index","follow":"follow","max-snippet":"max-snippet:-1","max-image-preview":"max-image-preview:large","max-video-preview":"max-video-preview:-1"},"canonical":"https:\/\/ozponcho.com.au\/cs\/p\/lezerni-kvetinovy-satek-s-trasnemi\/","og_locale":"cs_CZ","og_type":"article","og_title":"Bohemian Floral Tassel Poncho | \u010cesk\u00e1 republika #1 Poncho Shop","og_description":"Looking for a Bohemian Floral Tassel Poncho ? You've come to the right place \ud83d\ude04 We offers a wide selection of Bohemian Floral Tassel Poncho, perfect for you.","og_url":"https:\/\/ozponcho.com.au\/cs\/p\/lezerni-kvetinovy-satek-s-trasnemi\/","og_site_name":"OZ Poncho","article_modified_time":"2025-04-07T01:46:26+00:00","og_image":[{"width":1000,"height":1000,"url":"https:\/\/ozponcho.com.au\/wp-content\/uploads\/2023\/12\/O1CN01bJBqRL1K28OG04wFW_3521621105-0-cib.jpg","type":"image\/jpeg"}],"twitter_card":"summary_large_image","twitter_misc":{"Odhadovan\u00e1 doba \u010dten\u00ed":"1 minuta"},"schema":{"@context":"https:\/\/schema.org","@graph":[{"@type":"WebPage","@id":"https:\/\/ozponcho.com.au\/p\/casual-fringe-floral-shawl\/","url":"https:\/\/ozponcho.com.au\/p\/casual-fringe-floral-shawl\/","name":"\u010cesk\u00e9 kv\u011btinov\u00e9 pon\u010do se st\u0159apci | \u010cesk\u00e1 republika #1 Pon\u010do Shop","isPartOf":{"@id":"https:\/\/ozponcho.com.au\/#website"},"primaryImageOfPage":{"@id":"https:\/\/ozponcho.com.au\/p\/casual-fringe-floral-shawl\/#primaryimage"},"image":{"@id":"https:\/\/ozponcho.com.au\/p\/casual-fringe-floral-shawl\/#primaryimage"},"thumbnailUrl":"https:\/\/ozponcho.com.au\/wp-content\/uploads\/2023\/12\/O1CN01bJBqRL1K28OG04wFW_3521621105-0-cib.jpg","datePublished":"2023-12-13T07:35:07+00:00","dateModified":"2025-04-07T01:46:26+00:00","description":"Hled\u00e1te boh\u00e9msk\u00e9 kv\u011btinov\u00e9 pon\u010do se st\u0159apci ? Jste na spr\u00e1vn\u00e9m m\u00edst\u011b \ud83d\ude04 Nab\u00edz\u00edme \u0161irok\u00fd v\u00fdb\u011br boh\u00e9msk\u00e9ho kv\u011btinov\u00e9ho pon\u010da se st\u0159apci, kter\u00e9 je pro v\u00e1s ide\u00e1ln\u00ed.","breadcrumb":{"@id":"https:\/\/ozponcho.com.au\/p\/casual-fringe-floral-shawl\/#breadcrumb"},"inLanguage":"cs","potentialAction":[{"@type":"ReadAction","target":["https:\/\/ozponcho.com.au\/p\/casual-fringe-floral-shawl\/"]}]},{"@type":"ImageObject","inLanguage":"cs","@id":"https:\/\/ozponcho.com.au\/p\/casual-fringe-floral-shawl\/#primaryimage","url":"https:\/\/ozponcho.com.au\/wp-content\/uploads\/2023\/12\/O1CN01bJBqRL1K28OG04wFW_3521621105-0-cib.jpg","contentUrl":"https:\/\/ozponcho.com.au\/wp-content\/uploads\/2023\/12\/O1CN01bJBqRL1K28OG04wFW_3521621105-0-cib.jpg","width":1000,"height":1000,"caption":"Bohemian Floral Tassel Poncho"},{"@type":"BreadcrumbList","@id":"https:\/\/ozponcho.com.au\/p\/casual-fringe-floral-shawl\/#breadcrumb","itemListElement":[{"@type":"ListItem","position":1,"name":"Home","item":"https:\/\/ozponcho.com.au\/"},{"@type":"ListItem","position":2,"name":"Shop","item":"https:\/\/ozponcho.com.au\/shop\/"},{"@type":"ListItem","position":3,"name":"Bohemian Floral Tassel Poncho"}]},{"@type":"WebSite","@id":"https:\/\/ozponcho.com.au\/#website","url":"https:\/\/ozponcho.com.au\/","name":"OZ Poncho","description":"","potentialAction":[{"@type":"SearchAction","target":{"@type":"EntryPoint","urlTemplate":"https:\/\/ozponcho.com.au\/?s={search_term_string}"},"query-input":{"@type":"PropertyValueSpecification","valueRequired":true,"valueName":"search_term_string"}}],"inLanguage":"cs"}]}},"_links":{"self":[{"href":"https:\/\/ozponcho.com.au\/cs\/wp-json\/wp\/v2\/product\/12359","targetHints":{"allow":["GET"]}}],"collection":[{"href":"https:\/\/ozponcho.com.au\/cs\/wp-json\/wp\/v2\/product"}],"about":[{"href":"https:\/\/ozponcho.com.au\/cs\/wp-json\/wp\/v2\/types\/product"}],"wp:featuredmedia":[{"embeddable":true,"href":"https:\/\/ozponcho.com.au\/cs\/wp-json\/wp\/v2\/media\/12315"}],"wp:attachment":[{"href":"https:\/\/ozponcho.com.au\/cs\/wp-json\/wp\/v2\/media?parent=12359"}],"wp:term":[{"taxonomy":"product_brand","embeddable":true,"href":"https:\/\/ozponcho.com.au\/cs\/wp-json\/wp\/v2\/product_brand?post=12359"},{"taxonomy":"product_cat","embeddable":true,"href":"https:\/\/ozponcho.com.au\/cs\/wp-json\/wp\/v2\/product_cat?post=12359"},{"taxonomy":"product_tag","embeddable":true,"href":"https:\/\/ozponcho.com.au\/cs\/wp-json\/wp\/v2\/product_tag?post=12359"}],"curies":[{"name":"wp","href":"https:\/\/api.w.org\/{rel}","templated":true}]}}