{"id":12355,"date":"2023-12-13T18:35:07","date_gmt":"2023-12-13T07:35:07","guid":{"rendered":"https:\/\/ozponcho.com.au\/p\/autumn-winter-light-luxury-fur-collar-tassel-shawl-sweater-coat\/"},"modified":"2024-04-19T18:39:14","modified_gmt":"2024-04-19T07:39:14","slug":"luxury-tassel-pink-shawl-coat","status":"publish","type":"product","link":"https:\/\/ozponcho.com.au\/cs\/p\/luxusni-ruzovy-salovy-kabat-se-strapci\/","title":{"rendered":"R\u016f\u017eov\u00e9 pon\u010do s ko\u017ee\u0161inov\u00fdm l\u00edmcem a t\u0159\u00e1sn\u011bmi"},"content":{"rendered":"<p>Zahalte se do elegance s t\u00edmto podzimn\u00edm zimn\u00edm lehk\u00fdm luxusn\u00edm pon\u010dem, kter\u00e9 je skv\u011bl\u00fdm dopl\u0148kem va\u0161eho \u0161atn\u00edku a spojuje le\u017e\u00e9rn\u00ed pohodl\u00ed s elegantn\u00edm stylem. Pastelov\u011b r\u016f\u017eov\u00fd odst\u00edn vyza\u0159uje \u017eenskost, zat\u00edmco p\u0159epychov\u00fd l\u00edmec z um\u011bl\u00e9 ko\u017ee\u0161iny dod\u00e1v\u00e1 \u0161mrnc. Je vyroben z p\u0159\u00edjemn\u00e9 \u017eerzejov\u00e9 tkaniny a nab\u00edz\u00ed velkorys\u00fd voln\u00fd st\u0159ih, ide\u00e1ln\u00ed pro vrstven\u00ed v p\u0159echodn\u00fdch obdob\u00edch jara a podzimu. Stylov\u00fd prvek s t\u0159\u00e1sn\u011bmi j\u00ed dod\u00e1v\u00e1 boho n\u00e1dech, tak\u017ee je ide\u00e1ln\u00ed volbou pro m\u00f3dn\u011b zalo\u017een\u00e9 jedince, kte\u0159\u00ed hledaj\u00ed kombinaci luxusu a uvoln\u011bn\u00e9ho \u0161armu. Dop\u0159ejte si tento svetrov\u00fd kab\u00e1t s dlouh\u00fdm ruk\u00e1vem a prom\u011b\u0148te sv\u016fj vzhled v chladn\u00e9m po\u010das\u00ed d\u00edky jeho nepopirateln\u00e9mu p\u016fvabu.<\/p>\n<div>Styl: Le\u017e\u00e9rn\u00ed<\/div>\n<div>P\u0159izp\u016fsoben\u00ed: Voln\u00fd<\/div>\n<div>Tkanina: Materi\u00e1l: Jersey<\/div>\n<div>Vzor: Pevn\u00fd<\/div>\n<div>Prvek: T\u0159\u00e1sn\u011b<\/div>\n<div>Horn\u00ed d\u00e9lka: Dlouh\u00fd<\/div>\n<div>Typ ruk\u00e1vu: Pravideln\u00fd<\/div>\n<div>D\u00e9lka ruk\u00e1v\u016f: Dlouh\u00fd ruk\u00e1v<\/div>\n<div>Typ uz\u00e1v\u011bru: Jin\u00e9<\/div>\n<div>Hlavn\u00ed slo\u017een\u00ed: Akryl<\/div>\n<div>Sez\u00f3na: Jaro\/podzim<\/div>\n<p><img decoding=\"async\" src=\"https:\/\/ozponcho.com.au\/wp-content\/uploads\/2024\/03\/978391699053084672.png\" \/><img decoding=\"async\" src=\"https:\/\/ozponcho.com.au\/wp-content\/uploads\/2024\/03\/O1CN01nfF4zf1HIfpFgcYHj_2331630735-0-cib.jpg\" \/><img decoding=\"async\" src=\"https:\/\/ozponcho.com.au\/wp-content\/uploads\/2024\/03\/O1CN014lrPfP1HIfpNCa7eX_2331630735-0-cib.jpg\" \/><img decoding=\"async\" src=\"https:\/\/ozponcho.com.au\/wp-content\/uploads\/2024\/03\/O1CN010QZ2AU1HIfpHIYjBK_2331630735-0-cib.jpg\" \/><img decoding=\"async\" src=\"https:\/\/ozponcho.com.au\/wp-content\/uploads\/2024\/03\/O1CN01hGNPNw1HIfpJo11NO_2331630735-0-cib.jpg\" \/><img decoding=\"async\" src=\"https:\/\/ozponcho.com.au\/wp-content\/uploads\/2024\/03\/O1CN01bhgF9x1HIfpFge1iz_2331630735-0-cib.jpg\" \/><img decoding=\"async\" src=\"https:\/\/ozponcho.com.au\/wp-content\/uploads\/2024\/03\/O1CN01Rcdcn91HIfpNCbC8h_2331630735-0-cib.jpg\" \/><\/p>","protected":false},"excerpt":{"rendered":"<p>Wrap yourself in elegance with this Autumn Winter Light Luxury Poncho, an exquisite addition to your wardrobe that marries casual comfort with chic style. The pastel pink hue exudes femininity, while the sumptuous faux fur collar adds a touch of glamour. Crafted from cozy jersey fabric, it offers a generous loose fit, perfect for layering [&#8230;]","protected":false},"featured_media":12292,"template":"","meta":[],"product_brand":[],"product_cat":[218,15,222,228,214,210],"product_tag":[],"class_list":{"0":"post-12355","1":"product","2":"type-product","3":"status-publish","4":"has-post-thumbnail","6":"product_cat-fur-poncho","7":"product_cat-main-category","8":"product_cat-pink-poncho","9":"product_cat-poncho-sweater","10":"product_cat-knitted-crochet-poncho","11":"product_cat-poncho-women","13":"first","14":"outofstock","15":"shipping-taxable","16":"purchasable","17":"product-type-variable"},"yoast_head":"<!-- This site is optimized with the Yoast SEO plugin v25.9 - https:\/\/yoast.com\/wordpress\/plugins\/seo\/ -->\n<title>Pink Fur-Collar Fringe Poncho | \u010cesk\u00e1 republika #1 Poncho Shop<\/title>\n<meta name=\"description\" content=\"Looking for a Pink Fur-Collar Fringe Poncho ? You&#039;ve come to the right place \ud83d\ude04 We offers a wide selection of Pink Fur-Collar Fringe Poncho, perfect for you.\" \/>\n<meta name=\"robots\" content=\"index, follow, max-snippet:-1, max-image-preview:large, max-video-preview:-1\" \/>\n<link rel=\"canonical\" href=\"https:\/\/ozponcho.com.au\/cs\/p\/luxusni-ruzovy-salovy-kabat-se-strapci\/\" \/>\n<meta property=\"og:locale\" content=\"cs_CZ\" \/>\n<meta property=\"og:type\" content=\"article\" \/>\n<meta property=\"og:title\" content=\"Pink Fur-Collar Fringe Poncho | \u010cesk\u00e1 republika #1 Poncho Shop\" \/>\n<meta property=\"og:description\" content=\"Looking for a Pink Fur-Collar Fringe Poncho ? You&#039;ve come to the right place \ud83d\ude04 We offers a wide selection of Pink Fur-Collar Fringe Poncho, perfect for you.\" \/>\n<meta property=\"og:url\" content=\"https:\/\/ozponcho.com.au\/cs\/p\/luxusni-ruzovy-salovy-kabat-se-strapci\/\" \/>\n<meta property=\"og:site_name\" content=\"OZ Poncho\" \/>\n<meta property=\"article:modified_time\" content=\"2024-04-19T07:39:14+00:00\" \/>\n<meta property=\"og:image\" content=\"https:\/\/ozponcho.com.au\/wp-content\/uploads\/2023\/12\/O1CN01SE2Eg01HIfpNCanHU_2331630735-0-cib.jpg\" \/>\n\t<meta property=\"og:image:width\" content=\"1340\" \/>\n\t<meta property=\"og:image:height\" content=\"1785\" \/>\n\t<meta property=\"og:image:type\" content=\"image\/jpeg\" \/>\n<meta name=\"twitter:card\" content=\"summary_large_image\" \/>\n<meta name=\"twitter:label1\" content=\"Odhadovan\u00e1 doba \u010dten\u00ed\" \/>\n\t<meta name=\"twitter:data1\" content=\"3 minuty\" \/>\n<script type=\"application\/ld+json\" class=\"yoast-schema-graph\">{\"@context\":\"https:\/\/schema.org\",\"@graph\":[{\"@type\":\"WebPage\",\"@id\":\"https:\/\/ozponcho.com.au\/p\/luxury-tassel-pink-shawl-coat\/\",\"url\":\"https:\/\/ozponcho.com.au\/p\/luxury-tassel-pink-shawl-coat\/\",\"name\":\"Pink Fur-Collar Fringe Poncho | \u010cesk\u00e1 republika #1 Poncho Shop\",\"isPartOf\":{\"@id\":\"https:\/\/ozponcho.com.au\/#website\"},\"primaryImageOfPage\":{\"@id\":\"https:\/\/ozponcho.com.au\/p\/luxury-tassel-pink-shawl-coat\/#primaryimage\"},\"image\":{\"@id\":\"https:\/\/ozponcho.com.au\/p\/luxury-tassel-pink-shawl-coat\/#primaryimage\"},\"thumbnailUrl\":\"https:\/\/ozponcho.com.au\/wp-content\/uploads\/2023\/12\/O1CN01SE2Eg01HIfpNCanHU_2331630735-0-cib.jpg\",\"datePublished\":\"2023-12-13T07:35:07+00:00\",\"dateModified\":\"2024-04-19T07:39:14+00:00\",\"description\":\"Looking for a Pink Fur-Collar Fringe Poncho ? You've come to the right place \ud83d\ude04 We offers a wide selection of Pink Fur-Collar Fringe Poncho, perfect for you.\",\"breadcrumb\":{\"@id\":\"https:\/\/ozponcho.com.au\/p\/luxury-tassel-pink-shawl-coat\/#breadcrumb\"},\"inLanguage\":\"cs\",\"potentialAction\":[{\"@type\":\"ReadAction\",\"target\":[\"https:\/\/ozponcho.com.au\/p\/luxury-tassel-pink-shawl-coat\/\"]}]},{\"@type\":\"ImageObject\",\"inLanguage\":\"cs\",\"@id\":\"https:\/\/ozponcho.com.au\/p\/luxury-tassel-pink-shawl-coat\/#primaryimage\",\"url\":\"https:\/\/ozponcho.com.au\/wp-content\/uploads\/2023\/12\/O1CN01SE2Eg01HIfpNCanHU_2331630735-0-cib.jpg\",\"contentUrl\":\"https:\/\/ozponcho.com.au\/wp-content\/uploads\/2023\/12\/O1CN01SE2Eg01HIfpNCanHU_2331630735-0-cib.jpg\",\"width\":1340,\"height\":1785,\"caption\":\"Pink Fur-Collar Fringe Poncho\"},{\"@type\":\"BreadcrumbList\",\"@id\":\"https:\/\/ozponcho.com.au\/p\/luxury-tassel-pink-shawl-coat\/#breadcrumb\",\"itemListElement\":[{\"@type\":\"ListItem\",\"position\":1,\"name\":\"Home\",\"item\":\"https:\/\/ozponcho.com.au\/\"},{\"@type\":\"ListItem\",\"position\":2,\"name\":\"Shop\",\"item\":\"https:\/\/ozponcho.com.au\/shop\/\"},{\"@type\":\"ListItem\",\"position\":3,\"name\":\"Pink Fur-Collar Fringe Poncho\"}]},{\"@type\":\"WebSite\",\"@id\":\"https:\/\/ozponcho.com.au\/#website\",\"url\":\"https:\/\/ozponcho.com.au\/\",\"name\":\"OZ Poncho\",\"description\":\"\",\"potentialAction\":[{\"@type\":\"SearchAction\",\"target\":{\"@type\":\"EntryPoint\",\"urlTemplate\":\"https:\/\/ozponcho.com.au\/?s={search_term_string}\"},\"query-input\":{\"@type\":\"PropertyValueSpecification\",\"valueRequired\":true,\"valueName\":\"search_term_string\"}}],\"inLanguage\":\"cs\"}]}<\/script>\n<!-- \/ Yoast SEO plugin. -->","yoast_head_json":{"title":"R\u016f\u017eov\u00e9 pon\u010do s ko\u017ee\u0161inov\u00fdm l\u00edmcem a t\u0159\u00e1sn\u011bmi | \u010cesk\u00e1 republika #1 Poncho Shop","description":"Hled\u00e1te r\u016f\u017eov\u00e9 pon\u010do s ko\u017ee\u0161inov\u00fdm l\u00edmcem a t\u0159\u00e1sn\u011bmi ? Tak to jste tady spr\u00e1vn\u011b \ud83d\ude04 Nab\u00edz\u00edme \u0161irok\u00fd v\u00fdb\u011br r\u016f\u017eov\u00fdch pon\u010do s ko\u017ee\u0161inov\u00fdm l\u00edmcem a t\u0159\u00e1sn\u011bmi, kter\u00e9 jsou pro v\u00e1s ide\u00e1ln\u00ed.","robots":{"index":"index","follow":"follow","max-snippet":"max-snippet:-1","max-image-preview":"max-image-preview:large","max-video-preview":"max-video-preview:-1"},"canonical":"https:\/\/ozponcho.com.au\/cs\/p\/luxusni-ruzovy-salovy-kabat-se-strapci\/","og_locale":"cs_CZ","og_type":"article","og_title":"Pink Fur-Collar Fringe Poncho | \u010cesk\u00e1 republika #1 Poncho Shop","og_description":"Looking for a Pink Fur-Collar Fringe Poncho ? You've come to the right place \ud83d\ude04 We offers a wide selection of Pink Fur-Collar Fringe Poncho, perfect for you.","og_url":"https:\/\/ozponcho.com.au\/cs\/p\/luxusni-ruzovy-salovy-kabat-se-strapci\/","og_site_name":"OZ Poncho","article_modified_time":"2024-04-19T07:39:14+00:00","og_image":[{"width":1340,"height":1785,"url":"https:\/\/ozponcho.com.au\/wp-content\/uploads\/2023\/12\/O1CN01SE2Eg01HIfpNCanHU_2331630735-0-cib.jpg","type":"image\/jpeg"}],"twitter_card":"summary_large_image","twitter_misc":{"Odhadovan\u00e1 doba \u010dten\u00ed":"3 minuty"},"schema":{"@context":"https:\/\/schema.org","@graph":[{"@type":"WebPage","@id":"https:\/\/ozponcho.com.au\/p\/luxury-tassel-pink-shawl-coat\/","url":"https:\/\/ozponcho.com.au\/p\/luxury-tassel-pink-shawl-coat\/","name":"R\u016f\u017eov\u00e9 pon\u010do s ko\u017ee\u0161inov\u00fdm l\u00edmcem a t\u0159\u00e1sn\u011bmi | \u010cesk\u00e1 republika #1 Poncho Shop","isPartOf":{"@id":"https:\/\/ozponcho.com.au\/#website"},"primaryImageOfPage":{"@id":"https:\/\/ozponcho.com.au\/p\/luxury-tassel-pink-shawl-coat\/#primaryimage"},"image":{"@id":"https:\/\/ozponcho.com.au\/p\/luxury-tassel-pink-shawl-coat\/#primaryimage"},"thumbnailUrl":"https:\/\/ozponcho.com.au\/wp-content\/uploads\/2023\/12\/O1CN01SE2Eg01HIfpNCanHU_2331630735-0-cib.jpg","datePublished":"2023-12-13T07:35:07+00:00","dateModified":"2024-04-19T07:39:14+00:00","description":"Hled\u00e1te r\u016f\u017eov\u00e9 pon\u010do s ko\u017ee\u0161inov\u00fdm l\u00edmcem a t\u0159\u00e1sn\u011bmi ? Tak to jste tady spr\u00e1vn\u011b \ud83d\ude04 Nab\u00edz\u00edme \u0161irok\u00fd v\u00fdb\u011br r\u016f\u017eov\u00fdch pon\u010do s ko\u017ee\u0161inov\u00fdm l\u00edmcem a t\u0159\u00e1sn\u011bmi, kter\u00e9 jsou pro v\u00e1s ide\u00e1ln\u00ed.","breadcrumb":{"@id":"https:\/\/ozponcho.com.au\/p\/luxury-tassel-pink-shawl-coat\/#breadcrumb"},"inLanguage":"cs","potentialAction":[{"@type":"ReadAction","target":["https:\/\/ozponcho.com.au\/p\/luxury-tassel-pink-shawl-coat\/"]}]},{"@type":"ImageObject","inLanguage":"cs","@id":"https:\/\/ozponcho.com.au\/p\/luxury-tassel-pink-shawl-coat\/#primaryimage","url":"https:\/\/ozponcho.com.au\/wp-content\/uploads\/2023\/12\/O1CN01SE2Eg01HIfpNCanHU_2331630735-0-cib.jpg","contentUrl":"https:\/\/ozponcho.com.au\/wp-content\/uploads\/2023\/12\/O1CN01SE2Eg01HIfpNCanHU_2331630735-0-cib.jpg","width":1340,"height":1785,"caption":"Pink Fur-Collar Fringe Poncho"},{"@type":"BreadcrumbList","@id":"https:\/\/ozponcho.com.au\/p\/luxury-tassel-pink-shawl-coat\/#breadcrumb","itemListElement":[{"@type":"ListItem","position":1,"name":"Home","item":"https:\/\/ozponcho.com.au\/"},{"@type":"ListItem","position":2,"name":"Shop","item":"https:\/\/ozponcho.com.au\/shop\/"},{"@type":"ListItem","position":3,"name":"Pink Fur-Collar Fringe Poncho"}]},{"@type":"WebSite","@id":"https:\/\/ozponcho.com.au\/#website","url":"https:\/\/ozponcho.com.au\/","name":"OZ Poncho","description":"","potentialAction":[{"@type":"SearchAction","target":{"@type":"EntryPoint","urlTemplate":"https:\/\/ozponcho.com.au\/?s={search_term_string}"},"query-input":{"@type":"PropertyValueSpecification","valueRequired":true,"valueName":"search_term_string"}}],"inLanguage":"cs"}]}},"_links":{"self":[{"href":"https:\/\/ozponcho.com.au\/cs\/wp-json\/wp\/v2\/product\/12355","targetHints":{"allow":["GET"]}}],"collection":[{"href":"https:\/\/ozponcho.com.au\/cs\/wp-json\/wp\/v2\/product"}],"about":[{"href":"https:\/\/ozponcho.com.au\/cs\/wp-json\/wp\/v2\/types\/product"}],"wp:featuredmedia":[{"embeddable":true,"href":"https:\/\/ozponcho.com.au\/cs\/wp-json\/wp\/v2\/media\/12292"}],"wp:attachment":[{"href":"https:\/\/ozponcho.com.au\/cs\/wp-json\/wp\/v2\/media?parent=12355"}],"wp:term":[{"taxonomy":"product_brand","embeddable":true,"href":"https:\/\/ozponcho.com.au\/cs\/wp-json\/wp\/v2\/product_brand?post=12355"},{"taxonomy":"product_cat","embeddable":true,"href":"https:\/\/ozponcho.com.au\/cs\/wp-json\/wp\/v2\/product_cat?post=12355"},{"taxonomy":"product_tag","embeddable":true,"href":"https:\/\/ozponcho.com.au\/cs\/wp-json\/wp\/v2\/product_tag?post=12355"}],"curies":[{"name":"wp","href":"https:\/\/api.w.org\/{rel}","templated":true}]}}