{"id":12313,"date":"2023-12-13T18:34:49","date_gmt":"2023-12-13T07:34:49","guid":{"rendered":"https:\/\/ozponcho.com.au\/p\/cardigan-sunscreen-shawl-holiday-travel-tassel-sexy-all-matching-shawl\/"},"modified":"2025-04-05T21:44:11","modified_gmt":"2025-04-05T10:44:11","slug":"bohemian-ivory-crochet-coverup","status":"publish","type":"product","link":"https:\/\/ozponcho.com.au\/cs\/p\/bohemsky-hackovany-prehoz-v-barve-slonove-kosti\/","title":{"rendered":"Boho pon\u010do se st\u0159apci a t\u0159\u00e1sn\u011bmi"},"content":{"rendered":"<p>Objevte p\u016fvab na\u0161eho pon\u010da Boho Fringe Tassel Poncho, kter\u00e9 je ide\u00e1ln\u00edm univerz\u00e1ln\u00edm dopl\u0148kem va\u0161eho \u0161atn\u00edku. Toto elegantn\u00ed pon\u010do v barv\u011b slonov\u00e9 kosti, vyroben\u00e9 z luxusn\u00edho polyesteru a zdoben\u00e9 jemn\u00fdmi t\u0159\u00e1sn\u011bmi a h\u00e1\u010dkovan\u00fdmi detaily, slibuje pohodl\u00ed i styl. Jeho 3\/4 ruk\u00e1vy a uvoln\u011bn\u00fd st\u0159ih jsou ide\u00e1ln\u00ed pro p\u0159echodn\u00e1 ro\u010dn\u00ed obdob\u00ed a nab\u00edzej\u00ed sv\u011b\u017e\u00ed, ale sofistikovan\u00fd n\u00e1dech jak\u00e9mukoli oble\u010den\u00ed, tak\u017ee je ide\u00e1ln\u00ed pro cestov\u00e1n\u00ed na dovolenou i ka\u017edodenn\u00ed eleganci. P\u0159ijm\u011bte boh\u00e9msky elegantn\u00ed atmosf\u00e9ru a pozvedn\u011bte svou m\u00f3dn\u00ed hru s t\u00edmto \u0161\u00e1tkem, kter\u00fd mus\u00edte m\u00edt.<\/p>\n<div>Styl: Boho &amp; dovolen\u00e1<\/div>\n<div>P\u0159izp\u016fsoben\u00ed: Voln\u00fd<\/div>\n<div>Tkanina: Materi\u00e1l: polyester<\/div>\n<div>Vzor: Pevn\u00fd<\/div>\n<div>Prvek: T\u0159\u00e1sn\u011b<\/div>","protected":false},"excerpt":{"rendered":"<p>Discover the allure of our Boho Fringe Tassel Poncho, the ideal versatile addition to your wardrobe. Crafted with sumptuous polyester and adorned with delicate fringe and crochet detail, this elegant ivory poncho promises both comfort and style. Perfect for transitioning seasons, its 3\/4 sleeves and relaxed fit offer a breezy yet sophisticated touch to any [&#8230;]","protected":false},"featured_media":12267,"template":"","meta":[],"product_brand":[],"product_cat":[15,228,214,210],"product_tag":[],"class_list":{"0":"post-12313","1":"product","2":"type-product","3":"status-publish","4":"has-post-thumbnail","6":"product_cat-main-category","7":"product_cat-poncho-sweater","8":"product_cat-knitted-crochet-poncho","9":"product_cat-poncho-women","11":"first","12":"outofstock","13":"shipping-taxable","14":"purchasable","15":"product-type-variable"},"yoast_head":"<!-- This site is optimized with the Yoast SEO plugin v25.9 - https:\/\/yoast.com\/wordpress\/plugins\/seo\/ -->\n<title>Boho Fringe Tassel Poncho | \u010cesk\u00e1 republika #1 Poncho Shop<\/title>\n<meta name=\"description\" content=\"Looking for a Boho Fringe Tassel Poncho ? You&#039;ve come to the right place \ud83d\ude04 We offers a wide selection of Boho Fringe Tassel Poncho, perfect for you.\" \/>\n<meta name=\"robots\" content=\"index, follow, max-snippet:-1, max-image-preview:large, max-video-preview:-1\" \/>\n<link rel=\"canonical\" href=\"https:\/\/ozponcho.com.au\/cs\/p\/bohemsky-hackovany-prehoz-v-barve-slonove-kosti\/\" \/>\n<meta property=\"og:locale\" content=\"cs_CZ\" \/>\n<meta property=\"og:type\" content=\"article\" \/>\n<meta property=\"og:title\" content=\"Boho Fringe Tassel Poncho | \u010cesk\u00e1 republika #1 Poncho Shop\" \/>\n<meta property=\"og:description\" content=\"Looking for a Boho Fringe Tassel Poncho ? You&#039;ve come to the right place \ud83d\ude04 We offers a wide selection of Boho Fringe Tassel Poncho, perfect for you.\" \/>\n<meta property=\"og:url\" content=\"https:\/\/ozponcho.com.au\/cs\/p\/bohemsky-hackovany-prehoz-v-barve-slonove-kosti\/\" \/>\n<meta property=\"og:site_name\" content=\"OZ Poncho\" \/>\n<meta property=\"article:modified_time\" content=\"2025-04-05T10:44:11+00:00\" \/>\n<meta property=\"og:image\" content=\"https:\/\/ozponcho.com.au\/wp-content\/uploads\/2023\/12\/O1CN01uMObQH1K28O1jNYsv_3521621105-0-cib.jpg\" \/>\n\t<meta property=\"og:image:width\" content=\"1000\" \/>\n\t<meta property=\"og:image:height\" content=\"1000\" \/>\n\t<meta property=\"og:image:type\" content=\"image\/jpeg\" \/>\n<meta name=\"twitter:card\" content=\"summary_large_image\" \/>\n<meta name=\"twitter:label1\" content=\"Odhadovan\u00e1 doba \u010dten\u00ed\" \/>\n\t<meta name=\"twitter:data1\" content=\"1 minuta\" \/>\n<script type=\"application\/ld+json\" class=\"yoast-schema-graph\">{\"@context\":\"https:\/\/schema.org\",\"@graph\":[{\"@type\":\"WebPage\",\"@id\":\"https:\/\/ozponcho.com.au\/p\/bohemian-ivory-crochet-coverup\/\",\"url\":\"https:\/\/ozponcho.com.au\/p\/bohemian-ivory-crochet-coverup\/\",\"name\":\"Boho Fringe Tassel Poncho | \u010cesk\u00e1 republika #1 Poncho Shop\",\"isPartOf\":{\"@id\":\"https:\/\/ozponcho.com.au\/#website\"},\"primaryImageOfPage\":{\"@id\":\"https:\/\/ozponcho.com.au\/p\/bohemian-ivory-crochet-coverup\/#primaryimage\"},\"image\":{\"@id\":\"https:\/\/ozponcho.com.au\/p\/bohemian-ivory-crochet-coverup\/#primaryimage\"},\"thumbnailUrl\":\"https:\/\/ozponcho.com.au\/wp-content\/uploads\/2023\/12\/O1CN01uMObQH1K28O1jNYsv_3521621105-0-cib.jpg\",\"datePublished\":\"2023-12-13T07:34:49+00:00\",\"dateModified\":\"2025-04-05T10:44:11+00:00\",\"description\":\"Looking for a Boho Fringe Tassel Poncho ? You've come to the right place \ud83d\ude04 We offers a wide selection of Boho Fringe Tassel Poncho, perfect for you.\",\"breadcrumb\":{\"@id\":\"https:\/\/ozponcho.com.au\/p\/bohemian-ivory-crochet-coverup\/#breadcrumb\"},\"inLanguage\":\"cs\",\"potentialAction\":[{\"@type\":\"ReadAction\",\"target\":[\"https:\/\/ozponcho.com.au\/p\/bohemian-ivory-crochet-coverup\/\"]}]},{\"@type\":\"ImageObject\",\"inLanguage\":\"cs\",\"@id\":\"https:\/\/ozponcho.com.au\/p\/bohemian-ivory-crochet-coverup\/#primaryimage\",\"url\":\"https:\/\/ozponcho.com.au\/wp-content\/uploads\/2023\/12\/O1CN01uMObQH1K28O1jNYsv_3521621105-0-cib.jpg\",\"contentUrl\":\"https:\/\/ozponcho.com.au\/wp-content\/uploads\/2023\/12\/O1CN01uMObQH1K28O1jNYsv_3521621105-0-cib.jpg\",\"width\":1000,\"height\":1000,\"caption\":\"Boho Fringe Tassel Poncho\"},{\"@type\":\"BreadcrumbList\",\"@id\":\"https:\/\/ozponcho.com.au\/p\/bohemian-ivory-crochet-coverup\/#breadcrumb\",\"itemListElement\":[{\"@type\":\"ListItem\",\"position\":1,\"name\":\"Home\",\"item\":\"https:\/\/ozponcho.com.au\/\"},{\"@type\":\"ListItem\",\"position\":2,\"name\":\"Shop\",\"item\":\"https:\/\/ozponcho.com.au\/shop\/\"},{\"@type\":\"ListItem\",\"position\":3,\"name\":\"Boho Fringe Tassel Poncho\"}]},{\"@type\":\"WebSite\",\"@id\":\"https:\/\/ozponcho.com.au\/#website\",\"url\":\"https:\/\/ozponcho.com.au\/\",\"name\":\"OZ Poncho\",\"description\":\"\",\"potentialAction\":[{\"@type\":\"SearchAction\",\"target\":{\"@type\":\"EntryPoint\",\"urlTemplate\":\"https:\/\/ozponcho.com.au\/?s={search_term_string}\"},\"query-input\":{\"@type\":\"PropertyValueSpecification\",\"valueRequired\":true,\"valueName\":\"search_term_string\"}}],\"inLanguage\":\"cs\"}]}<\/script>\n<!-- \/ Yoast SEO plugin. -->","yoast_head_json":{"title":"Boho pon\u010do se st\u0159apci a t\u0159\u00e1sn\u011bmi | \u010cesk\u00e1 republika #1 Pon\u010do Shop","description":"Hled\u00e1te pon\u010do s t\u0159\u00e1sn\u011bmi Boho Tassel Poncho ? Jste na spr\u00e1vn\u00e9m m\u00edst\u011b \ud83d\ude04 Nab\u00edz\u00edme \u0161irok\u00fd v\u00fdb\u011br Boho Fringe Tassel Poncho, ide\u00e1ln\u00ed pro v\u00e1s.","robots":{"index":"index","follow":"follow","max-snippet":"max-snippet:-1","max-image-preview":"max-image-preview:large","max-video-preview":"max-video-preview:-1"},"canonical":"https:\/\/ozponcho.com.au\/cs\/p\/bohemsky-hackovany-prehoz-v-barve-slonove-kosti\/","og_locale":"cs_CZ","og_type":"article","og_title":"Boho Fringe Tassel Poncho | \u010cesk\u00e1 republika #1 Poncho Shop","og_description":"Looking for a Boho Fringe Tassel Poncho ? You've come to the right place \ud83d\ude04 We offers a wide selection of Boho Fringe Tassel Poncho, perfect for you.","og_url":"https:\/\/ozponcho.com.au\/cs\/p\/bohemsky-hackovany-prehoz-v-barve-slonove-kosti\/","og_site_name":"OZ Poncho","article_modified_time":"2025-04-05T10:44:11+00:00","og_image":[{"width":1000,"height":1000,"url":"https:\/\/ozponcho.com.au\/wp-content\/uploads\/2023\/12\/O1CN01uMObQH1K28O1jNYsv_3521621105-0-cib.jpg","type":"image\/jpeg"}],"twitter_card":"summary_large_image","twitter_misc":{"Odhadovan\u00e1 doba \u010dten\u00ed":"1 minuta"},"schema":{"@context":"https:\/\/schema.org","@graph":[{"@type":"WebPage","@id":"https:\/\/ozponcho.com.au\/p\/bohemian-ivory-crochet-coverup\/","url":"https:\/\/ozponcho.com.au\/p\/bohemian-ivory-crochet-coverup\/","name":"Boho pon\u010do se st\u0159apci a t\u0159\u00e1sn\u011bmi | \u010cesk\u00e1 republika #1 Pon\u010do Shop","isPartOf":{"@id":"https:\/\/ozponcho.com.au\/#website"},"primaryImageOfPage":{"@id":"https:\/\/ozponcho.com.au\/p\/bohemian-ivory-crochet-coverup\/#primaryimage"},"image":{"@id":"https:\/\/ozponcho.com.au\/p\/bohemian-ivory-crochet-coverup\/#primaryimage"},"thumbnailUrl":"https:\/\/ozponcho.com.au\/wp-content\/uploads\/2023\/12\/O1CN01uMObQH1K28O1jNYsv_3521621105-0-cib.jpg","datePublished":"2023-12-13T07:34:49+00:00","dateModified":"2025-04-05T10:44:11+00:00","description":"Hled\u00e1te pon\u010do s t\u0159\u00e1sn\u011bmi Boho Tassel Poncho ? Jste na spr\u00e1vn\u00e9m m\u00edst\u011b \ud83d\ude04 Nab\u00edz\u00edme \u0161irok\u00fd v\u00fdb\u011br Boho Fringe Tassel Poncho, ide\u00e1ln\u00ed pro v\u00e1s.","breadcrumb":{"@id":"https:\/\/ozponcho.com.au\/p\/bohemian-ivory-crochet-coverup\/#breadcrumb"},"inLanguage":"cs","potentialAction":[{"@type":"ReadAction","target":["https:\/\/ozponcho.com.au\/p\/bohemian-ivory-crochet-coverup\/"]}]},{"@type":"ImageObject","inLanguage":"cs","@id":"https:\/\/ozponcho.com.au\/p\/bohemian-ivory-crochet-coverup\/#primaryimage","url":"https:\/\/ozponcho.com.au\/wp-content\/uploads\/2023\/12\/O1CN01uMObQH1K28O1jNYsv_3521621105-0-cib.jpg","contentUrl":"https:\/\/ozponcho.com.au\/wp-content\/uploads\/2023\/12\/O1CN01uMObQH1K28O1jNYsv_3521621105-0-cib.jpg","width":1000,"height":1000,"caption":"Boho Fringe Tassel Poncho"},{"@type":"BreadcrumbList","@id":"https:\/\/ozponcho.com.au\/p\/bohemian-ivory-crochet-coverup\/#breadcrumb","itemListElement":[{"@type":"ListItem","position":1,"name":"Home","item":"https:\/\/ozponcho.com.au\/"},{"@type":"ListItem","position":2,"name":"Shop","item":"https:\/\/ozponcho.com.au\/shop\/"},{"@type":"ListItem","position":3,"name":"Boho Fringe Tassel Poncho"}]},{"@type":"WebSite","@id":"https:\/\/ozponcho.com.au\/#website","url":"https:\/\/ozponcho.com.au\/","name":"OZ Poncho","description":"","potentialAction":[{"@type":"SearchAction","target":{"@type":"EntryPoint","urlTemplate":"https:\/\/ozponcho.com.au\/?s={search_term_string}"},"query-input":{"@type":"PropertyValueSpecification","valueRequired":true,"valueName":"search_term_string"}}],"inLanguage":"cs"}]}},"_links":{"self":[{"href":"https:\/\/ozponcho.com.au\/cs\/wp-json\/wp\/v2\/product\/12313","targetHints":{"allow":["GET"]}}],"collection":[{"href":"https:\/\/ozponcho.com.au\/cs\/wp-json\/wp\/v2\/product"}],"about":[{"href":"https:\/\/ozponcho.com.au\/cs\/wp-json\/wp\/v2\/types\/product"}],"wp:featuredmedia":[{"embeddable":true,"href":"https:\/\/ozponcho.com.au\/cs\/wp-json\/wp\/v2\/media\/12267"}],"wp:attachment":[{"href":"https:\/\/ozponcho.com.au\/cs\/wp-json\/wp\/v2\/media?parent=12313"}],"wp:term":[{"taxonomy":"product_brand","embeddable":true,"href":"https:\/\/ozponcho.com.au\/cs\/wp-json\/wp\/v2\/product_brand?post=12313"},{"taxonomy":"product_cat","embeddable":true,"href":"https:\/\/ozponcho.com.au\/cs\/wp-json\/wp\/v2\/product_cat?post=12313"},{"taxonomy":"product_tag","embeddable":true,"href":"https:\/\/ozponcho.com.au\/cs\/wp-json\/wp\/v2\/product_tag?post=12313"}],"curies":[{"name":"wp","href":"https:\/\/api.w.org\/{rel}","templated":true}]}}