{"id":12290,"date":"2023-12-13T18:34:36","date_gmt":"2023-12-13T07:34:36","guid":{"rendered":"https:\/\/ozponcho.com.au\/p\/autumn-winter-knitwear-collar-tassel-gradient-color-cape-shawl-cardigan\/"},"modified":"2024-04-19T19:21:49","modified_gmt":"2024-04-19T08:21:49","slug":"fringe-chevron-knitwear-cape","status":"publish","type":"product","link":"https:\/\/ozponcho.com.au\/cs\/p\/pletena-plastenka-s-trasnemi-a-chevronem\/","title":{"rendered":"St\u0159apec Gradient Pon\u010do \u0161\u00e1l"},"content":{"rendered":"<p>S t\u00edmto elegantn\u00edm podzimn\u00edm a zimn\u00edm pon\u010dem m\u016f\u017eete vylep\u0161it sv\u016fj komplet pro chladn\u00e9 po\u010das\u00ed. Je vyrobeno z ply\u0161ov\u00e9ho akrylu, kter\u00fd poskytuje vzne\u0161en\u00e9 teplo, a jeho gradientn\u00ed barva a chevronov\u00fd vzor vyza\u0159uj\u00ed nenucenou eleganci. Tento voln\u00fd svetr s dolmanov\u00fdmi ruk\u00e1vy, zdoben\u00fd hrav\u00fdmi t\u0159\u00e1sn\u011bmi a bambulkami, slibuje, \u017ee v\u00e1s stylov\u011b z\u00fatuln\u00ed. \u017derzejov\u00e1 tkanina mu dod\u00e1v\u00e1 m\u011bkkost na dotek, co\u017e je ide\u00e1ln\u00ed pro ty, kdo tou\u017e\u00ed po pohodl\u00ed a m\u00f3d\u011b. Vyj\u00e1d\u0159ete se tuto sez\u00f3nu d\u00edky univerz\u00e1ln\u00edmu kousku, kter\u00fd se hod\u00ed ke v\u0161emu a z\u00e1rove\u0148 v\u00e1s nech\u00e1 vyniknout.<\/p>\n<div>Styl: Le\u017e\u00e9rn\u00ed<\/div>\n<div>P\u0159izp\u016fsoben\u00ed: Voln\u00fd<\/div>\n<div>Tkanina: Materi\u00e1l: Jersey<\/div>\n<div>Vzor: Chevron<\/div>","protected":false},"excerpt":{"rendered":"<p>Elevate your cool-weather ensemble with this effortlessly chic Autumn Winter poncho. Crafted with plush acrylic to offer sublime warmth, its gradient color and chevron pattern exude a casual elegance. Adorned with playful fringes and pom-poms, this loose-fitting cardigan with a dolman sleeve design promises to keep you cozy in style. The jersey fabric gives it [&#8230;]","protected":false},"featured_media":12261,"template":"","meta":[],"product_brand":[],"product_cat":[229,226,15,228,214,210,224],"product_tag":[],"class_list":{"0":"post-12290","1":"product","2":"type-product","3":"status-publish","4":"has-post-thumbnail","6":"product_cat-blanket-poncho","7":"product_cat-brown-poncho","8":"product_cat-main-category","9":"product_cat-poncho-sweater","10":"product_cat-knitted-crochet-poncho","11":"product_cat-poncho-women","12":"product_cat-yellow-poncho","14":"first","15":"outofstock","16":"shipping-taxable","17":"purchasable","18":"product-type-variable"},"yoast_head":"<!-- This site is optimized with the Yoast SEO plugin v25.9 - https:\/\/yoast.com\/wordpress\/plugins\/seo\/ -->\n<title>Tassel Gradient Poncho Shawl | \u010cesk\u00e1 republika #1 Poncho Shop<\/title>\n<meta name=\"description\" content=\"Looking for a Tassel Gradient Poncho Shawl ? You&#039;ve come to the right place \ud83d\ude04 We offers a wide selection of Tassel Gradient Poncho Shawl, perfect for you.\" \/>\n<meta name=\"robots\" content=\"index, follow, max-snippet:-1, max-image-preview:large, max-video-preview:-1\" \/>\n<link rel=\"canonical\" href=\"https:\/\/ozponcho.com.au\/cs\/p\/pletena-plastenka-s-trasnemi-a-chevronem\/\" \/>\n<meta property=\"og:locale\" content=\"cs_CZ\" \/>\n<meta property=\"og:type\" content=\"article\" \/>\n<meta property=\"og:title\" content=\"Tassel Gradient Poncho Shawl | \u010cesk\u00e1 republika #1 Poncho Shop\" \/>\n<meta property=\"og:description\" content=\"Looking for a Tassel Gradient Poncho Shawl ? You&#039;ve come to the right place \ud83d\ude04 We offers a wide selection of Tassel Gradient Poncho Shawl, perfect for you.\" \/>\n<meta property=\"og:url\" content=\"https:\/\/ozponcho.com.au\/cs\/p\/pletena-plastenka-s-trasnemi-a-chevronem\/\" \/>\n<meta property=\"og:site_name\" content=\"OZ Poncho\" \/>\n<meta property=\"article:modified_time\" content=\"2024-04-19T08:21:49+00:00\" \/>\n<meta property=\"og:image\" content=\"https:\/\/ozponcho.com.au\/wp-content\/uploads\/2023\/12\/O1CN015Qe1ds1HIfy1c1l9l_2331630735-0-cib.jpg\" \/>\n\t<meta property=\"og:image:width\" content=\"1340\" \/>\n\t<meta property=\"og:image:height\" content=\"1785\" \/>\n\t<meta property=\"og:image:type\" content=\"image\/jpeg\" \/>\n<meta name=\"twitter:card\" content=\"summary_large_image\" \/>\n<meta name=\"twitter:label1\" content=\"Odhadovan\u00e1 doba \u010dten\u00ed\" \/>\n\t<meta name=\"twitter:data1\" content=\"1 minuta\" \/>\n<script type=\"application\/ld+json\" class=\"yoast-schema-graph\">{\"@context\":\"https:\/\/schema.org\",\"@graph\":[{\"@type\":\"WebPage\",\"@id\":\"https:\/\/ozponcho.com.au\/p\/fringe-chevron-knitwear-cape\/\",\"url\":\"https:\/\/ozponcho.com.au\/p\/fringe-chevron-knitwear-cape\/\",\"name\":\"Tassel Gradient Poncho Shawl | \u010cesk\u00e1 republika #1 Poncho Shop\",\"isPartOf\":{\"@id\":\"https:\/\/ozponcho.com.au\/#website\"},\"primaryImageOfPage\":{\"@id\":\"https:\/\/ozponcho.com.au\/p\/fringe-chevron-knitwear-cape\/#primaryimage\"},\"image\":{\"@id\":\"https:\/\/ozponcho.com.au\/p\/fringe-chevron-knitwear-cape\/#primaryimage\"},\"thumbnailUrl\":\"https:\/\/ozponcho.com.au\/wp-content\/uploads\/2023\/12\/O1CN015Qe1ds1HIfy1c1l9l_2331630735-0-cib.jpg\",\"datePublished\":\"2023-12-13T07:34:36+00:00\",\"dateModified\":\"2024-04-19T08:21:49+00:00\",\"description\":\"Looking for a Tassel Gradient Poncho Shawl ? You've come to the right place \ud83d\ude04 We offers a wide selection of Tassel Gradient Poncho Shawl, perfect for you.\",\"breadcrumb\":{\"@id\":\"https:\/\/ozponcho.com.au\/p\/fringe-chevron-knitwear-cape\/#breadcrumb\"},\"inLanguage\":\"cs\",\"potentialAction\":[{\"@type\":\"ReadAction\",\"target\":[\"https:\/\/ozponcho.com.au\/p\/fringe-chevron-knitwear-cape\/\"]}]},{\"@type\":\"ImageObject\",\"inLanguage\":\"cs\",\"@id\":\"https:\/\/ozponcho.com.au\/p\/fringe-chevron-knitwear-cape\/#primaryimage\",\"url\":\"https:\/\/ozponcho.com.au\/wp-content\/uploads\/2023\/12\/O1CN015Qe1ds1HIfy1c1l9l_2331630735-0-cib.jpg\",\"contentUrl\":\"https:\/\/ozponcho.com.au\/wp-content\/uploads\/2023\/12\/O1CN015Qe1ds1HIfy1c1l9l_2331630735-0-cib.jpg\",\"width\":1340,\"height\":1785,\"caption\":\"Tassel Gradient Poncho Shawl\"},{\"@type\":\"BreadcrumbList\",\"@id\":\"https:\/\/ozponcho.com.au\/p\/fringe-chevron-knitwear-cape\/#breadcrumb\",\"itemListElement\":[{\"@type\":\"ListItem\",\"position\":1,\"name\":\"Home\",\"item\":\"https:\/\/ozponcho.com.au\/\"},{\"@type\":\"ListItem\",\"position\":2,\"name\":\"Shop\",\"item\":\"https:\/\/ozponcho.com.au\/shop\/\"},{\"@type\":\"ListItem\",\"position\":3,\"name\":\"Tassel Gradient Poncho Shawl\"}]},{\"@type\":\"WebSite\",\"@id\":\"https:\/\/ozponcho.com.au\/#website\",\"url\":\"https:\/\/ozponcho.com.au\/\",\"name\":\"OZ Poncho\",\"description\":\"\",\"potentialAction\":[{\"@type\":\"SearchAction\",\"target\":{\"@type\":\"EntryPoint\",\"urlTemplate\":\"https:\/\/ozponcho.com.au\/?s={search_term_string}\"},\"query-input\":{\"@type\":\"PropertyValueSpecification\",\"valueRequired\":true,\"valueName\":\"search_term_string\"}}],\"inLanguage\":\"cs\"}]}<\/script>\n<!-- \/ Yoast SEO plugin. -->","yoast_head_json":{"title":"St\u0159apce Gradient Poncho Shawl | \u010cesk\u00e1 republika #1 Poncho Shop","description":"Hled\u00e1te \u0161\u00e1tek Tassel Gradient Poncho Shawl ? Jste na spr\u00e1vn\u00e9m m\u00edst\u011b \ud83d\ude04 Nab\u00edz\u00edme \u0161irok\u00fd v\u00fdb\u011br Tassel Gradient Poncho Shawl, ide\u00e1ln\u00ed pro v\u00e1s.","robots":{"index":"index","follow":"follow","max-snippet":"max-snippet:-1","max-image-preview":"max-image-preview:large","max-video-preview":"max-video-preview:-1"},"canonical":"https:\/\/ozponcho.com.au\/cs\/p\/pletena-plastenka-s-trasnemi-a-chevronem\/","og_locale":"cs_CZ","og_type":"article","og_title":"Tassel Gradient Poncho Shawl | \u010cesk\u00e1 republika #1 Poncho Shop","og_description":"Looking for a Tassel Gradient Poncho Shawl ? You've come to the right place \ud83d\ude04 We offers a wide selection of Tassel Gradient Poncho Shawl, perfect for you.","og_url":"https:\/\/ozponcho.com.au\/cs\/p\/pletena-plastenka-s-trasnemi-a-chevronem\/","og_site_name":"OZ Poncho","article_modified_time":"2024-04-19T08:21:49+00:00","og_image":[{"width":1340,"height":1785,"url":"https:\/\/ozponcho.com.au\/wp-content\/uploads\/2023\/12\/O1CN015Qe1ds1HIfy1c1l9l_2331630735-0-cib.jpg","type":"image\/jpeg"}],"twitter_card":"summary_large_image","twitter_misc":{"Odhadovan\u00e1 doba \u010dten\u00ed":"1 minuta"},"schema":{"@context":"https:\/\/schema.org","@graph":[{"@type":"WebPage","@id":"https:\/\/ozponcho.com.au\/p\/fringe-chevron-knitwear-cape\/","url":"https:\/\/ozponcho.com.au\/p\/fringe-chevron-knitwear-cape\/","name":"St\u0159apce Gradient Poncho Shawl | \u010cesk\u00e1 republika #1 Poncho Shop","isPartOf":{"@id":"https:\/\/ozponcho.com.au\/#website"},"primaryImageOfPage":{"@id":"https:\/\/ozponcho.com.au\/p\/fringe-chevron-knitwear-cape\/#primaryimage"},"image":{"@id":"https:\/\/ozponcho.com.au\/p\/fringe-chevron-knitwear-cape\/#primaryimage"},"thumbnailUrl":"https:\/\/ozponcho.com.au\/wp-content\/uploads\/2023\/12\/O1CN015Qe1ds1HIfy1c1l9l_2331630735-0-cib.jpg","datePublished":"2023-12-13T07:34:36+00:00","dateModified":"2024-04-19T08:21:49+00:00","description":"Hled\u00e1te \u0161\u00e1tek Tassel Gradient Poncho Shawl ? Jste na spr\u00e1vn\u00e9m m\u00edst\u011b \ud83d\ude04 Nab\u00edz\u00edme \u0161irok\u00fd v\u00fdb\u011br Tassel Gradient Poncho Shawl, ide\u00e1ln\u00ed pro v\u00e1s.","breadcrumb":{"@id":"https:\/\/ozponcho.com.au\/p\/fringe-chevron-knitwear-cape\/#breadcrumb"},"inLanguage":"cs","potentialAction":[{"@type":"ReadAction","target":["https:\/\/ozponcho.com.au\/p\/fringe-chevron-knitwear-cape\/"]}]},{"@type":"ImageObject","inLanguage":"cs","@id":"https:\/\/ozponcho.com.au\/p\/fringe-chevron-knitwear-cape\/#primaryimage","url":"https:\/\/ozponcho.com.au\/wp-content\/uploads\/2023\/12\/O1CN015Qe1ds1HIfy1c1l9l_2331630735-0-cib.jpg","contentUrl":"https:\/\/ozponcho.com.au\/wp-content\/uploads\/2023\/12\/O1CN015Qe1ds1HIfy1c1l9l_2331630735-0-cib.jpg","width":1340,"height":1785,"caption":"Tassel Gradient Poncho Shawl"},{"@type":"BreadcrumbList","@id":"https:\/\/ozponcho.com.au\/p\/fringe-chevron-knitwear-cape\/#breadcrumb","itemListElement":[{"@type":"ListItem","position":1,"name":"Home","item":"https:\/\/ozponcho.com.au\/"},{"@type":"ListItem","position":2,"name":"Shop","item":"https:\/\/ozponcho.com.au\/shop\/"},{"@type":"ListItem","position":3,"name":"Tassel Gradient Poncho Shawl"}]},{"@type":"WebSite","@id":"https:\/\/ozponcho.com.au\/#website","url":"https:\/\/ozponcho.com.au\/","name":"OZ Poncho","description":"","potentialAction":[{"@type":"SearchAction","target":{"@type":"EntryPoint","urlTemplate":"https:\/\/ozponcho.com.au\/?s={search_term_string}"},"query-input":{"@type":"PropertyValueSpecification","valueRequired":true,"valueName":"search_term_string"}}],"inLanguage":"cs"}]}},"_links":{"self":[{"href":"https:\/\/ozponcho.com.au\/cs\/wp-json\/wp\/v2\/product\/12290","targetHints":{"allow":["GET"]}}],"collection":[{"href":"https:\/\/ozponcho.com.au\/cs\/wp-json\/wp\/v2\/product"}],"about":[{"href":"https:\/\/ozponcho.com.au\/cs\/wp-json\/wp\/v2\/types\/product"}],"wp:featuredmedia":[{"embeddable":true,"href":"https:\/\/ozponcho.com.au\/cs\/wp-json\/wp\/v2\/media\/12261"}],"wp:attachment":[{"href":"https:\/\/ozponcho.com.au\/cs\/wp-json\/wp\/v2\/media?parent=12290"}],"wp:term":[{"taxonomy":"product_brand","embeddable":true,"href":"https:\/\/ozponcho.com.au\/cs\/wp-json\/wp\/v2\/product_brand?post=12290"},{"taxonomy":"product_cat","embeddable":true,"href":"https:\/\/ozponcho.com.au\/cs\/wp-json\/wp\/v2\/product_cat?post=12290"},{"taxonomy":"product_tag","embeddable":true,"href":"https:\/\/ozponcho.com.au\/cs\/wp-json\/wp\/v2\/product_tag?post=12290"}],"curies":[{"name":"wp","href":"https:\/\/api.w.org\/{rel}","templated":true}]}}