{"id":12259,"date":"2023-12-13T18:34:17","date_gmt":"2023-12-13T07:34:17","guid":{"rendered":"https:\/\/ozponcho.com.au\/p\/autumn-winter-fur-collar-advanced-color-matching-half-sleeve-cardigan-coat-fur\/"},"modified":"2024-04-19T19:21:59","modified_gmt":"2024-04-19T08:21:59","slug":"boho-fringe-poncho-wrap","status":"publish","type":"product","link":"https:\/\/ozponcho.com.au\/cs\/p\/boho-ponco-s-trasnemi\/","title":{"rendered":"Boh\u00e9msk\u00e9 elegantn\u00ed pon\u010do s t\u0159\u00e1sn\u011bmi"},"content":{"rendered":"<p>P\u0159ijm\u011bte dotek boh\u00e9msk\u00e9 elegance s na\u0161\u00edm podzimn\u00edm zimn\u00edm pon\u010dem s t\u0159\u00e1sn\u011bmi, kter\u00e9 dod\u00e1 va\u0161emu podzimn\u00edmu a zimn\u00edmu \u0161atn\u00edku sofistikovanost. Jeho luxusn\u00ed ko\u017ee\u0161inov\u00fd l\u00edmec a elegantn\u00ed barevn\u00fd blokov\u00fd design s kor\u00e1lov\u011b \u010derven\u00fdm odst\u00ednem zv\u00fdrazn\u011bn\u00fdm strukturovan\u00fdm gradientem modr\u00e9 a b\u00edl\u00e9 z n\u011bj d\u011blaj\u00ed v\u00fdjime\u010dn\u00fd kousek. Voln\u00fd st\u0159ih s 3\/4 ruk\u00e1vy zaru\u010duje pohodln\u00e9 no\u0161en\u00ed pro ka\u017ed\u00fd typ postavy, zat\u00edmco detail s t\u0159\u00e1sn\u011bmi dod\u00e1v\u00e1 hrav\u00fd avantgardn\u00ed n\u00e1dech. Ide\u00e1ln\u00ed pro ty, kdo hledaj\u00ed kombinaci m\u00f3dn\u00edho stylu a p\u0159\u00edjemn\u00e9ho tepla. Oto\u010dte hlavu a z\u016fsta\u0148te v pohodl\u00ed s t\u00edmto nepostradateln\u00fdm pon\u010dem!<\/p>\n<div>Styl: Le\u017e\u00e9rn\u00ed<\/div>\n<div>P\u0159izp\u016fsoben\u00ed: Voln\u00fd<\/div>\n<div>Tkanina: Materi\u00e1l: Jersey<\/div>\n<div>Vzor: Barevn\u00fd blok<\/div>","protected":false},"excerpt":{"rendered":"<p>Embrace a touch of bohemian elegance with our Autumn Winter Fringed Poncho, crafted to add sophistication to your fall and winter wardrobe. Its luxurious fur collar and chic color-block design, featuring a coral red hue accented by a textured gradient of blues and whites, make it an exceptional statement piece. The loose, 3\/4 sleeve cut [&#8230;]","protected":false},"featured_media":12225,"template":"","meta":[],"product_brand":[],"product_cat":[229,15,209,228,214,210,221],"product_tag":[],"class_list":{"0":"post-12259","1":"product","2":"type-product","3":"status-publish","4":"has-post-thumbnail","6":"product_cat-blanket-poncho","7":"product_cat-main-category","8":"product_cat-mexican-poncho","9":"product_cat-poncho-sweater","10":"product_cat-knitted-crochet-poncho","11":"product_cat-poncho-women","12":"product_cat-red-poncho","14":"first","15":"outofstock","16":"shipping-taxable","17":"purchasable","18":"product-type-variable"},"yoast_head":"<!-- This site is optimized with the Yoast SEO plugin v25.9 - https:\/\/yoast.com\/wordpress\/plugins\/seo\/ -->\n<title>Bohemian Chic Fringed Poncho | \u010cesk\u00e1 republika #1 Poncho Shop<\/title>\n<meta name=\"description\" content=\"Looking for a Bohemian Chic Fringed Poncho ? You&#039;ve come to the right place \ud83d\ude04 We offers a wide selection of Bohemian Chic Fringed Poncho, perfect for you.\" \/>\n<meta name=\"robots\" content=\"index, follow, max-snippet:-1, max-image-preview:large, max-video-preview:-1\" \/>\n<link rel=\"canonical\" href=\"https:\/\/ozponcho.com.au\/cs\/p\/boho-ponco-s-trasnemi\/\" \/>\n<meta property=\"og:locale\" content=\"cs_CZ\" \/>\n<meta property=\"og:type\" content=\"article\" \/>\n<meta property=\"og:title\" content=\"Bohemian Chic Fringed Poncho | \u010cesk\u00e1 republika #1 Poncho Shop\" \/>\n<meta property=\"og:description\" content=\"Looking for a Bohemian Chic Fringed Poncho ? You&#039;ve come to the right place \ud83d\ude04 We offers a wide selection of Bohemian Chic Fringed Poncho, perfect for you.\" \/>\n<meta property=\"og:url\" content=\"https:\/\/ozponcho.com.au\/cs\/p\/boho-ponco-s-trasnemi\/\" \/>\n<meta property=\"og:site_name\" content=\"OZ Poncho\" \/>\n<meta property=\"article:modified_time\" content=\"2024-04-19T08:21:59+00:00\" \/>\n<meta property=\"og:image\" content=\"https:\/\/ozponcho.com.au\/wp-content\/uploads\/2023\/12\/O1CN018Avm8h1HIfyqrL7gC_2331630735-0-cib.jpg\" \/>\n\t<meta property=\"og:image:width\" content=\"1340\" \/>\n\t<meta property=\"og:image:height\" content=\"1785\" \/>\n\t<meta property=\"og:image:type\" content=\"image\/jpeg\" \/>\n<meta name=\"twitter:card\" content=\"summary_large_image\" \/>\n<meta name=\"twitter:label1\" content=\"Odhadovan\u00e1 doba \u010dten\u00ed\" \/>\n\t<meta name=\"twitter:data1\" content=\"1 minuta\" \/>\n<script type=\"application\/ld+json\" class=\"yoast-schema-graph\">{\"@context\":\"https:\/\/schema.org\",\"@graph\":[{\"@type\":\"WebPage\",\"@id\":\"https:\/\/ozponcho.com.au\/p\/boho-fringe-poncho-wrap\/\",\"url\":\"https:\/\/ozponcho.com.au\/p\/boho-fringe-poncho-wrap\/\",\"name\":\"Bohemian Chic Fringed Poncho | \u010cesk\u00e1 republika #1 Poncho Shop\",\"isPartOf\":{\"@id\":\"https:\/\/ozponcho.com.au\/#website\"},\"primaryImageOfPage\":{\"@id\":\"https:\/\/ozponcho.com.au\/p\/boho-fringe-poncho-wrap\/#primaryimage\"},\"image\":{\"@id\":\"https:\/\/ozponcho.com.au\/p\/boho-fringe-poncho-wrap\/#primaryimage\"},\"thumbnailUrl\":\"https:\/\/ozponcho.com.au\/wp-content\/uploads\/2023\/12\/O1CN018Avm8h1HIfyqrL7gC_2331630735-0-cib.jpg\",\"datePublished\":\"2023-12-13T07:34:17+00:00\",\"dateModified\":\"2024-04-19T08:21:59+00:00\",\"description\":\"Looking for a Bohemian Chic Fringed Poncho ? You've come to the right place \ud83d\ude04 We offers a wide selection of Bohemian Chic Fringed Poncho, perfect for you.\",\"breadcrumb\":{\"@id\":\"https:\/\/ozponcho.com.au\/p\/boho-fringe-poncho-wrap\/#breadcrumb\"},\"inLanguage\":\"cs\",\"potentialAction\":[{\"@type\":\"ReadAction\",\"target\":[\"https:\/\/ozponcho.com.au\/p\/boho-fringe-poncho-wrap\/\"]}]},{\"@type\":\"ImageObject\",\"inLanguage\":\"cs\",\"@id\":\"https:\/\/ozponcho.com.au\/p\/boho-fringe-poncho-wrap\/#primaryimage\",\"url\":\"https:\/\/ozponcho.com.au\/wp-content\/uploads\/2023\/12\/O1CN018Avm8h1HIfyqrL7gC_2331630735-0-cib.jpg\",\"contentUrl\":\"https:\/\/ozponcho.com.au\/wp-content\/uploads\/2023\/12\/O1CN018Avm8h1HIfyqrL7gC_2331630735-0-cib.jpg\",\"width\":1340,\"height\":1785,\"caption\":\"Bohemian Chic Fringed Poncho\"},{\"@type\":\"BreadcrumbList\",\"@id\":\"https:\/\/ozponcho.com.au\/p\/boho-fringe-poncho-wrap\/#breadcrumb\",\"itemListElement\":[{\"@type\":\"ListItem\",\"position\":1,\"name\":\"Home\",\"item\":\"https:\/\/ozponcho.com.au\/\"},{\"@type\":\"ListItem\",\"position\":2,\"name\":\"Shop\",\"item\":\"https:\/\/ozponcho.com.au\/shop\/\"},{\"@type\":\"ListItem\",\"position\":3,\"name\":\"Bohemian Chic Fringed Poncho\"}]},{\"@type\":\"WebSite\",\"@id\":\"https:\/\/ozponcho.com.au\/#website\",\"url\":\"https:\/\/ozponcho.com.au\/\",\"name\":\"OZ Poncho\",\"description\":\"\",\"potentialAction\":[{\"@type\":\"SearchAction\",\"target\":{\"@type\":\"EntryPoint\",\"urlTemplate\":\"https:\/\/ozponcho.com.au\/?s={search_term_string}\"},\"query-input\":{\"@type\":\"PropertyValueSpecification\",\"valueRequired\":true,\"valueName\":\"search_term_string\"}}],\"inLanguage\":\"cs\"}]}<\/script>\n<!-- \/ Yoast SEO plugin. -->","yoast_head_json":{"title":"Bohemian Chic Pon\u010do s t\u0159\u00e1sn\u011bmi | \u010cesk\u00e1 republika #1 Pon\u010do Shop","description":"Hled\u00e1te boh\u00e9msk\u00e9 elegantn\u00ed pon\u010do s t\u0159\u00e1sn\u011bmi ? Jste na spr\u00e1vn\u00e9m m\u00edst\u011b \ud83d\ude04 Nab\u00edz\u00edme \u0161irok\u00fd v\u00fdb\u011br Bohemian Chic Fringed Poncho, ide\u00e1ln\u00ed pro v\u00e1s.","robots":{"index":"index","follow":"follow","max-snippet":"max-snippet:-1","max-image-preview":"max-image-preview:large","max-video-preview":"max-video-preview:-1"},"canonical":"https:\/\/ozponcho.com.au\/cs\/p\/boho-ponco-s-trasnemi\/","og_locale":"cs_CZ","og_type":"article","og_title":"Bohemian Chic Fringed Poncho | \u010cesk\u00e1 republika #1 Poncho Shop","og_description":"Looking for a Bohemian Chic Fringed Poncho ? You've come to the right place \ud83d\ude04 We offers a wide selection of Bohemian Chic Fringed Poncho, perfect for you.","og_url":"https:\/\/ozponcho.com.au\/cs\/p\/boho-ponco-s-trasnemi\/","og_site_name":"OZ Poncho","article_modified_time":"2024-04-19T08:21:59+00:00","og_image":[{"width":1340,"height":1785,"url":"https:\/\/ozponcho.com.au\/wp-content\/uploads\/2023\/12\/O1CN018Avm8h1HIfyqrL7gC_2331630735-0-cib.jpg","type":"image\/jpeg"}],"twitter_card":"summary_large_image","twitter_misc":{"Odhadovan\u00e1 doba \u010dten\u00ed":"1 minuta"},"schema":{"@context":"https:\/\/schema.org","@graph":[{"@type":"WebPage","@id":"https:\/\/ozponcho.com.au\/p\/boho-fringe-poncho-wrap\/","url":"https:\/\/ozponcho.com.au\/p\/boho-fringe-poncho-wrap\/","name":"Bohemian Chic Pon\u010do s t\u0159\u00e1sn\u011bmi | \u010cesk\u00e1 republika #1 Pon\u010do Shop","isPartOf":{"@id":"https:\/\/ozponcho.com.au\/#website"},"primaryImageOfPage":{"@id":"https:\/\/ozponcho.com.au\/p\/boho-fringe-poncho-wrap\/#primaryimage"},"image":{"@id":"https:\/\/ozponcho.com.au\/p\/boho-fringe-poncho-wrap\/#primaryimage"},"thumbnailUrl":"https:\/\/ozponcho.com.au\/wp-content\/uploads\/2023\/12\/O1CN018Avm8h1HIfyqrL7gC_2331630735-0-cib.jpg","datePublished":"2023-12-13T07:34:17+00:00","dateModified":"2024-04-19T08:21:59+00:00","description":"Hled\u00e1te boh\u00e9msk\u00e9 elegantn\u00ed pon\u010do s t\u0159\u00e1sn\u011bmi ? Jste na spr\u00e1vn\u00e9m m\u00edst\u011b \ud83d\ude04 Nab\u00edz\u00edme \u0161irok\u00fd v\u00fdb\u011br Bohemian Chic Fringed Poncho, ide\u00e1ln\u00ed pro v\u00e1s.","breadcrumb":{"@id":"https:\/\/ozponcho.com.au\/p\/boho-fringe-poncho-wrap\/#breadcrumb"},"inLanguage":"cs","potentialAction":[{"@type":"ReadAction","target":["https:\/\/ozponcho.com.au\/p\/boho-fringe-poncho-wrap\/"]}]},{"@type":"ImageObject","inLanguage":"cs","@id":"https:\/\/ozponcho.com.au\/p\/boho-fringe-poncho-wrap\/#primaryimage","url":"https:\/\/ozponcho.com.au\/wp-content\/uploads\/2023\/12\/O1CN018Avm8h1HIfyqrL7gC_2331630735-0-cib.jpg","contentUrl":"https:\/\/ozponcho.com.au\/wp-content\/uploads\/2023\/12\/O1CN018Avm8h1HIfyqrL7gC_2331630735-0-cib.jpg","width":1340,"height":1785,"caption":"Bohemian Chic Fringed Poncho"},{"@type":"BreadcrumbList","@id":"https:\/\/ozponcho.com.au\/p\/boho-fringe-poncho-wrap\/#breadcrumb","itemListElement":[{"@type":"ListItem","position":1,"name":"Home","item":"https:\/\/ozponcho.com.au\/"},{"@type":"ListItem","position":2,"name":"Shop","item":"https:\/\/ozponcho.com.au\/shop\/"},{"@type":"ListItem","position":3,"name":"Bohemian Chic Fringed Poncho"}]},{"@type":"WebSite","@id":"https:\/\/ozponcho.com.au\/#website","url":"https:\/\/ozponcho.com.au\/","name":"OZ Poncho","description":"","potentialAction":[{"@type":"SearchAction","target":{"@type":"EntryPoint","urlTemplate":"https:\/\/ozponcho.com.au\/?s={search_term_string}"},"query-input":{"@type":"PropertyValueSpecification","valueRequired":true,"valueName":"search_term_string"}}],"inLanguage":"cs"}]}},"_links":{"self":[{"href":"https:\/\/ozponcho.com.au\/cs\/wp-json\/wp\/v2\/product\/12259","targetHints":{"allow":["GET"]}}],"collection":[{"href":"https:\/\/ozponcho.com.au\/cs\/wp-json\/wp\/v2\/product"}],"about":[{"href":"https:\/\/ozponcho.com.au\/cs\/wp-json\/wp\/v2\/types\/product"}],"wp:featuredmedia":[{"embeddable":true,"href":"https:\/\/ozponcho.com.au\/cs\/wp-json\/wp\/v2\/media\/12225"}],"wp:attachment":[{"href":"https:\/\/ozponcho.com.au\/cs\/wp-json\/wp\/v2\/media?parent=12259"}],"wp:term":[{"taxonomy":"product_brand","embeddable":true,"href":"https:\/\/ozponcho.com.au\/cs\/wp-json\/wp\/v2\/product_brand?post=12259"},{"taxonomy":"product_cat","embeddable":true,"href":"https:\/\/ozponcho.com.au\/cs\/wp-json\/wp\/v2\/product_cat?post=12259"},{"taxonomy":"product_tag","embeddable":true,"href":"https:\/\/ozponcho.com.au\/cs\/wp-json\/wp\/v2\/product_tag?post=12259"}],"curies":[{"name":"wp","href":"https:\/\/api.w.org\/{rel}","templated":true}]}}