{"id":12252,"date":"2023-12-13T18:34:15","date_gmt":"2023-12-13T07:34:15","guid":{"rendered":"https:\/\/ozponcho.com.au\/p\/autumn-winter-knitwear-fur-collar-solid-color-batwing-sleeve-tassel-cape\/"},"modified":"2024-04-19T19:22:25","modified_gmt":"2024-04-19T08:22:25","slug":"chic-autumn-winter-cape","status":"publish","type":"product","link":"https:\/\/ozponcho.com.au\/cs\/p\/elegantni-podzimni-zimni-plastenka\/","title":{"rendered":"Pon\u010do s ko\u017ee\u0161inov\u00fdm l\u00edmcem v barv\u011b slonov\u00e9 kosti"},"content":{"rendered":"<p>Vylep\u0161ete sv\u016fj \u0161atn\u00edk v chladn\u00e9m po\u010das\u00ed t\u00edmto pon\u010dem s ko\u017ee\u0161inov\u00fdm l\u00edmcem v barv\u011b slonov\u00e9 kosti, kter\u00e9 je dokonalou kombinac\u00ed tepla a stylu. Toto pon\u010do, vyroben\u00e9 z m\u011bkk\u00e9ho \u017eerzejov\u00e9ho \u00fapletu a zdoben\u00e9 luxusn\u00edm lemov\u00e1n\u00edm z um\u011bl\u00e9 ko\u017ee\u0161iny, nab\u00edz\u00ed le\u017e\u00e9rn\u00ed, ale elegantn\u00ed siluetu s netop\u00fd\u0159\u00edmi, dolmanov\u00fdmi ruk\u00e1vy a l\u00e1kav\u00fdmi st\u0159apcov\u00fdmi detaily. Je ide\u00e1ln\u00ed na podzim a zimu a slibuje, \u017ee v\u00e1s udr\u017e\u00ed v pohodl\u00ed, ani\u017e byste museli slevit ze sv\u00e9ho stylu. Toto v\u0161estrann\u00e9 pon\u010do je nezbytn\u00fdm dopl\u0148kem pro ty, kte\u0159\u00ed ve sv\u00fdch ka\u017edodenn\u00edch souprav\u00e1ch oce\u0148uj\u00ed n\u00e1dech luxusu.<\/p>\n<p>Styl: Le\u017e\u00e9rn\u00ed<\/p>\n<p>P\u0159izp\u016fsoben\u00ed: Voln\u00fd<\/p>\n<p>Tkanina: Materi\u00e1l: Jersey<\/p>\n<p>Vzor: Pevn\u00fd<\/p>\n<p>Prvek: Non<\/p>\n<p>Horn\u00ed d\u00e9lka: Dlouh\u00fd<\/p>\n<p>Typ ruk\u00e1vu: Ruk\u00e1v: Dolman<\/p>\n<p>D\u00e9lka ruk\u00e1v\u016f: Dlouh\u00fd ruk\u00e1v<\/p>\n<p>Typ uz\u00e1v\u011bru: Jin\u00e9<\/p>\n<p>Hlavn\u00ed slo\u017een\u00ed: Akryl<\/p>\n<p>Sez\u00f3na: Podzim\/zima<\/p>\n<p><img decoding=\"async\" src=\"https:\/\/ozponcho.com.au\/wp-content\/uploads\/2024\/03\/1166434260739948544.png\" \/><\/p>","protected":false},"excerpt":{"rendered":"<p>Elevate your cool-weather wardrobe with this Ivory Fur-Collar Poncho, a perfect blend of warmth and style. Crafted from soft jersey knit and adorned with a sumptuous faux fur trim, this poncho offers a casual, yet elegant silhouette with its batwing, dolman sleeves and inviting tassel details. Ideal for autumn and winter, it promises to keep [&#8230;]","protected":false},"featured_media":12218,"template":"","meta":[],"product_brand":[],"product_cat":[218,15,228,214,210],"product_tag":[],"class_list":{"0":"post-12252","1":"product","2":"type-product","3":"status-publish","4":"has-post-thumbnail","6":"product_cat-fur-poncho","7":"product_cat-main-category","8":"product_cat-poncho-sweater","9":"product_cat-knitted-crochet-poncho","10":"product_cat-poncho-women","12":"first","13":"outofstock","14":"shipping-taxable","15":"purchasable","16":"product-type-variable"},"yoast_head":"<!-- This site is optimized with the Yoast SEO plugin v25.9 - https:\/\/yoast.com\/wordpress\/plugins\/seo\/ -->\n<title>Ivory Fur-Collar Poncho | \u010cesk\u00e1 republika #1 Poncho Shop<\/title>\n<meta name=\"description\" content=\"Looking for a Ivory Fur-Collar Poncho ? You&#039;ve come to the right place \ud83d\ude04 We offers a wide selection of Ivory Fur-Collar Poncho, perfect for you.\" \/>\n<meta name=\"robots\" content=\"index, follow, max-snippet:-1, max-image-preview:large, max-video-preview:-1\" \/>\n<link rel=\"canonical\" href=\"https:\/\/ozponcho.com.au\/cs\/p\/elegantni-podzimni-zimni-plastenka\/\" \/>\n<meta property=\"og:locale\" content=\"cs_CZ\" \/>\n<meta property=\"og:type\" content=\"article\" \/>\n<meta property=\"og:title\" content=\"Ivory Fur-Collar Poncho | \u010cesk\u00e1 republika #1 Poncho Shop\" \/>\n<meta property=\"og:description\" content=\"Looking for a Ivory Fur-Collar Poncho ? You&#039;ve come to the right place \ud83d\ude04 We offers a wide selection of Ivory Fur-Collar Poncho, perfect for you.\" \/>\n<meta property=\"og:url\" content=\"https:\/\/ozponcho.com.au\/cs\/p\/elegantni-podzimni-zimni-plastenka\/\" \/>\n<meta property=\"og:site_name\" content=\"OZ Poncho\" \/>\n<meta property=\"article:modified_time\" content=\"2024-04-19T08:22:25+00:00\" \/>\n<meta property=\"og:image\" content=\"https:\/\/ozponcho.com.au\/wp-content\/uploads\/2023\/12\/O1CN013IeZG51HIfyASF5kY_2331630735-0-cib.jpg\" \/>\n\t<meta property=\"og:image:width\" content=\"1200\" \/>\n\t<meta property=\"og:image:height\" content=\"1200\" \/>\n\t<meta property=\"og:image:type\" content=\"image\/jpeg\" \/>\n<meta name=\"twitter:card\" content=\"summary_large_image\" \/>\n<meta name=\"twitter:label1\" content=\"Odhadovan\u00e1 doba \u010dten\u00ed\" \/>\n\t<meta name=\"twitter:data1\" content=\"1 minuta\" \/>\n<script type=\"application\/ld+json\" class=\"yoast-schema-graph\">{\"@context\":\"https:\/\/schema.org\",\"@graph\":[{\"@type\":\"WebPage\",\"@id\":\"https:\/\/ozponcho.com.au\/p\/chic-autumn-winter-cape\/\",\"url\":\"https:\/\/ozponcho.com.au\/p\/chic-autumn-winter-cape\/\",\"name\":\"Ivory Fur-Collar Poncho | \u010cesk\u00e1 republika #1 Poncho Shop\",\"isPartOf\":{\"@id\":\"https:\/\/ozponcho.com.au\/#website\"},\"primaryImageOfPage\":{\"@id\":\"https:\/\/ozponcho.com.au\/p\/chic-autumn-winter-cape\/#primaryimage\"},\"image\":{\"@id\":\"https:\/\/ozponcho.com.au\/p\/chic-autumn-winter-cape\/#primaryimage\"},\"thumbnailUrl\":\"https:\/\/ozponcho.com.au\/wp-content\/uploads\/2023\/12\/O1CN013IeZG51HIfyASF5kY_2331630735-0-cib.jpg\",\"datePublished\":\"2023-12-13T07:34:15+00:00\",\"dateModified\":\"2024-04-19T08:22:25+00:00\",\"description\":\"Looking for a Ivory Fur-Collar Poncho ? You've come to the right place \ud83d\ude04 We offers a wide selection of Ivory Fur-Collar Poncho, perfect for you.\",\"breadcrumb\":{\"@id\":\"https:\/\/ozponcho.com.au\/p\/chic-autumn-winter-cape\/#breadcrumb\"},\"inLanguage\":\"cs\",\"potentialAction\":[{\"@type\":\"ReadAction\",\"target\":[\"https:\/\/ozponcho.com.au\/p\/chic-autumn-winter-cape\/\"]}]},{\"@type\":\"ImageObject\",\"inLanguage\":\"cs\",\"@id\":\"https:\/\/ozponcho.com.au\/p\/chic-autumn-winter-cape\/#primaryimage\",\"url\":\"https:\/\/ozponcho.com.au\/wp-content\/uploads\/2023\/12\/O1CN013IeZG51HIfyASF5kY_2331630735-0-cib.jpg\",\"contentUrl\":\"https:\/\/ozponcho.com.au\/wp-content\/uploads\/2023\/12\/O1CN013IeZG51HIfyASF5kY_2331630735-0-cib.jpg\",\"width\":1200,\"height\":1200,\"caption\":\"Ivory Fur-Collar Poncho\"},{\"@type\":\"BreadcrumbList\",\"@id\":\"https:\/\/ozponcho.com.au\/p\/chic-autumn-winter-cape\/#breadcrumb\",\"itemListElement\":[{\"@type\":\"ListItem\",\"position\":1,\"name\":\"Home\",\"item\":\"https:\/\/ozponcho.com.au\/\"},{\"@type\":\"ListItem\",\"position\":2,\"name\":\"Shop\",\"item\":\"https:\/\/ozponcho.com.au\/shop\/\"},{\"@type\":\"ListItem\",\"position\":3,\"name\":\"Ivory Fur-Collar Poncho\"}]},{\"@type\":\"WebSite\",\"@id\":\"https:\/\/ozponcho.com.au\/#website\",\"url\":\"https:\/\/ozponcho.com.au\/\",\"name\":\"OZ Poncho\",\"description\":\"\",\"potentialAction\":[{\"@type\":\"SearchAction\",\"target\":{\"@type\":\"EntryPoint\",\"urlTemplate\":\"https:\/\/ozponcho.com.au\/?s={search_term_string}\"},\"query-input\":{\"@type\":\"PropertyValueSpecification\",\"valueRequired\":true,\"valueName\":\"search_term_string\"}}],\"inLanguage\":\"cs\"}]}<\/script>\n<!-- \/ Yoast SEO plugin. -->","yoast_head_json":{"title":"Pon\u010do s ko\u017ee\u0161inov\u00fdm l\u00edmcem v barv\u011b slonov\u00e9 kosti | \u010cesk\u00e1 republika #1 Poncho Shop","description":"Hled\u00e1te pon\u010do s ko\u017ee\u0161inov\u00fdm l\u00edmcem v barv\u011b slonoviny ? Jste na spr\u00e1vn\u00e9m m\u00edst\u011b \ud83d\ude04 Nab\u00edz\u00edme \u0161irok\u00fd v\u00fdb\u011br Pon\u010do s ko\u017ee\u0161inov\u00fdm l\u00edmcem v barv\u011b slonov\u00e9 kosti, ide\u00e1ln\u00ed pro v\u00e1s.","robots":{"index":"index","follow":"follow","max-snippet":"max-snippet:-1","max-image-preview":"max-image-preview:large","max-video-preview":"max-video-preview:-1"},"canonical":"https:\/\/ozponcho.com.au\/cs\/p\/elegantni-podzimni-zimni-plastenka\/","og_locale":"cs_CZ","og_type":"article","og_title":"Ivory Fur-Collar Poncho | \u010cesk\u00e1 republika #1 Poncho Shop","og_description":"Looking for a Ivory Fur-Collar Poncho ? You've come to the right place \ud83d\ude04 We offers a wide selection of Ivory Fur-Collar Poncho, perfect for you.","og_url":"https:\/\/ozponcho.com.au\/cs\/p\/elegantni-podzimni-zimni-plastenka\/","og_site_name":"OZ Poncho","article_modified_time":"2024-04-19T08:22:25+00:00","og_image":[{"width":1200,"height":1200,"url":"https:\/\/ozponcho.com.au\/wp-content\/uploads\/2023\/12\/O1CN013IeZG51HIfyASF5kY_2331630735-0-cib.jpg","type":"image\/jpeg"}],"twitter_card":"summary_large_image","twitter_misc":{"Odhadovan\u00e1 doba \u010dten\u00ed":"1 minuta"},"schema":{"@context":"https:\/\/schema.org","@graph":[{"@type":"WebPage","@id":"https:\/\/ozponcho.com.au\/p\/chic-autumn-winter-cape\/","url":"https:\/\/ozponcho.com.au\/p\/chic-autumn-winter-cape\/","name":"Pon\u010do s ko\u017ee\u0161inov\u00fdm l\u00edmcem v barv\u011b slonov\u00e9 kosti | \u010cesk\u00e1 republika #1 Poncho Shop","isPartOf":{"@id":"https:\/\/ozponcho.com.au\/#website"},"primaryImageOfPage":{"@id":"https:\/\/ozponcho.com.au\/p\/chic-autumn-winter-cape\/#primaryimage"},"image":{"@id":"https:\/\/ozponcho.com.au\/p\/chic-autumn-winter-cape\/#primaryimage"},"thumbnailUrl":"https:\/\/ozponcho.com.au\/wp-content\/uploads\/2023\/12\/O1CN013IeZG51HIfyASF5kY_2331630735-0-cib.jpg","datePublished":"2023-12-13T07:34:15+00:00","dateModified":"2024-04-19T08:22:25+00:00","description":"Hled\u00e1te pon\u010do s ko\u017ee\u0161inov\u00fdm l\u00edmcem v barv\u011b slonoviny ? Jste na spr\u00e1vn\u00e9m m\u00edst\u011b \ud83d\ude04 Nab\u00edz\u00edme \u0161irok\u00fd v\u00fdb\u011br Pon\u010do s ko\u017ee\u0161inov\u00fdm l\u00edmcem v barv\u011b slonov\u00e9 kosti, ide\u00e1ln\u00ed pro v\u00e1s.","breadcrumb":{"@id":"https:\/\/ozponcho.com.au\/p\/chic-autumn-winter-cape\/#breadcrumb"},"inLanguage":"cs","potentialAction":[{"@type":"ReadAction","target":["https:\/\/ozponcho.com.au\/p\/chic-autumn-winter-cape\/"]}]},{"@type":"ImageObject","inLanguage":"cs","@id":"https:\/\/ozponcho.com.au\/p\/chic-autumn-winter-cape\/#primaryimage","url":"https:\/\/ozponcho.com.au\/wp-content\/uploads\/2023\/12\/O1CN013IeZG51HIfyASF5kY_2331630735-0-cib.jpg","contentUrl":"https:\/\/ozponcho.com.au\/wp-content\/uploads\/2023\/12\/O1CN013IeZG51HIfyASF5kY_2331630735-0-cib.jpg","width":1200,"height":1200,"caption":"Ivory Fur-Collar Poncho"},{"@type":"BreadcrumbList","@id":"https:\/\/ozponcho.com.au\/p\/chic-autumn-winter-cape\/#breadcrumb","itemListElement":[{"@type":"ListItem","position":1,"name":"Home","item":"https:\/\/ozponcho.com.au\/"},{"@type":"ListItem","position":2,"name":"Shop","item":"https:\/\/ozponcho.com.au\/shop\/"},{"@type":"ListItem","position":3,"name":"Ivory Fur-Collar Poncho"}]},{"@type":"WebSite","@id":"https:\/\/ozponcho.com.au\/#website","url":"https:\/\/ozponcho.com.au\/","name":"OZ Poncho","description":"","potentialAction":[{"@type":"SearchAction","target":{"@type":"EntryPoint","urlTemplate":"https:\/\/ozponcho.com.au\/?s={search_term_string}"},"query-input":{"@type":"PropertyValueSpecification","valueRequired":true,"valueName":"search_term_string"}}],"inLanguage":"cs"}]}},"_links":{"self":[{"href":"https:\/\/ozponcho.com.au\/cs\/wp-json\/wp\/v2\/product\/12252","targetHints":{"allow":["GET"]}}],"collection":[{"href":"https:\/\/ozponcho.com.au\/cs\/wp-json\/wp\/v2\/product"}],"about":[{"href":"https:\/\/ozponcho.com.au\/cs\/wp-json\/wp\/v2\/types\/product"}],"wp:featuredmedia":[{"embeddable":true,"href":"https:\/\/ozponcho.com.au\/cs\/wp-json\/wp\/v2\/media\/12218"}],"wp:attachment":[{"href":"https:\/\/ozponcho.com.au\/cs\/wp-json\/wp\/v2\/media?parent=12252"}],"wp:term":[{"taxonomy":"product_brand","embeddable":true,"href":"https:\/\/ozponcho.com.au\/cs\/wp-json\/wp\/v2\/product_brand?post=12252"},{"taxonomy":"product_cat","embeddable":true,"href":"https:\/\/ozponcho.com.au\/cs\/wp-json\/wp\/v2\/product_cat?post=12252"},{"taxonomy":"product_tag","embeddable":true,"href":"https:\/\/ozponcho.com.au\/cs\/wp-json\/wp\/v2\/product_tag?post=12252"}],"curies":[{"name":"wp","href":"https:\/\/api.w.org\/{rel}","templated":true}]}}