{"id":39,"date":"2022-11-26T15:59:02","date_gmt":"2022-11-26T04:59:02","guid":{"rendered":"https:\/\/ozponcho.com.au\/?page_id=39"},"modified":"2024-04-19T11:35:20","modified_gmt":"2024-04-19T00:35:20","slug":"contact-us","status":"publish","type":"page","link":"https:\/\/ozponcho.com.au\/cs\/kontaktujte-nas\/","title":{"rendered":"Kontaktujte n\u00e1s"},"content":{"rendered":"<h2>Zp\u016fsoby, jak n\u00e1s kontaktovat<\/h2>\n<p><strong>E-mailem<\/strong><\/p>\n<p>contact@ozponcho.com.au<\/p>\n<p><strong>Po\u0161tou:<\/strong><\/p>\n<p>Pro ty, kte\u0159\u00ed maj\u00ed r\u00e1di star\u00e9 \u0161koly (my jsme jejich fanou\u0161ci!), se s n\u00e1mi m\u016f\u017eete spojit na n\u00ed\u017ee uveden\u00e9 adrese. R\u00e1di se s v\u00e1mi spoj\u00edme!<\/p>\n<p>OZ Poncho<br \/>\n36 Hurtle Square<br \/>\nAdelaide SA 5000<br \/>\nAustr\u00e1lie<\/p>\n<h2>N\u00e1\u0161 z\u00e1vazek poskytovat skv\u011bl\u00e9 slu\u017eby z\u00e1kazn\u00edk\u016fm<\/h2>\n<p>Ve spole\u010dnosti OZ Poncho jsme hrd\u00ed na to, \u017ee v\u00e1m m\u016f\u017eeme poskytnout ty nejlep\u0161\u00ed slu\u017eby. V\u0161echny na\u0161e v\u00fdrobky jsou p\u0159ed opu\u0161t\u011bn\u00edm na\u0161eho skladu kontrolov\u00e1ny z hlediska kvality, a pokud z jak\u00e9hokoli d\u016fvodu nejste s n\u00e1kupem zcela spokojeni, sta\u010d\u00ed n\u00e1s kontaktovat a domluvit se na vr\u00e1cen\u00ed nebo v\u00fdm\u011bn\u011b. Ud\u011bl\u00e1me v\u0161e pro to, aby nakupov\u00e1n\u00ed u OZ Poncho bylo snadn\u00e9 a p\u0159\u00edjemn\u00e9!<\/p>\n<h2>Ochrana osobn\u00edch \u00fadaj\u016f<\/h2>\n<p>Va\u0161e soukrom\u00ed bereme v\u00e1\u017en\u011b a v\u00e1mi poskytnut\u00e9 informace pou\u017eijeme pouze k zodpov\u011bzen\u00ed jak\u00fdchkoli ot\u00e1zek nebo dotaz\u016f t\u00fdkaj\u00edc\u00edch se na\u0161ich produkt\u016f. Va\u0161e \u00fadaje nebudou sd\u00edleny s t\u0159et\u00edmi stranami, pokud to nebude nutn\u00e9 pro zpracov\u00e1n\u00ed plateb, dod\u00e1n\u00ed zbo\u017e\u00ed, poskytov\u00e1n\u00ed z\u00e1kaznick\u00e9ho servisu atd. M\u016f\u017eeme tak\u00e9 p\u0159\u00edle\u017eitostn\u011b zas\u00edlat propaga\u010dn\u00ed akce e-mailem, ale ty lze kdykoli snadno odhl\u00e1sit!<\/p>","protected":false},"excerpt":{"rendered":"<p>Ways to contact us By email contact@ozponcho.com.au By post mail: For those old schoolers out there (we&#8217;re fans!), you can get in touch with us at the address below. We&#8217;d love to hear from your! OZ Poncho 36 Hurtle Square Adelaide SA 5000 Australia Our commitment to great customer service At OZ Poncho, we take [&#8230;]","protected":false},"author":1,"featured_media":0,"parent":0,"menu_order":0,"comment_status":"closed","ping_status":"closed","template":"page-blank-title-center.php","meta":{"footnotes":""},"class_list":["post-39","page","type-page","status-publish","hentry"],"yoast_head":"<!-- This site is optimized with the Yoast SEO plugin v25.9 - https:\/\/yoast.com\/wordpress\/plugins\/seo\/ -->\n<title>Contact Us | OZ Poncho<\/title>\n<meta name=\"description\" content=\"Contact us here by email or phone. 24\/7. response in 48h max.\" \/>\n<meta name=\"robots\" content=\"index, follow, max-snippet:-1, max-image-preview:large, max-video-preview:-1\" \/>\n<link rel=\"canonical\" href=\"https:\/\/ozponcho.com.au\/cs\/kontaktujte-nas\/\" \/>\n<meta property=\"og:locale\" content=\"cs_CZ\" \/>\n<meta property=\"og:type\" content=\"article\" \/>\n<meta property=\"og:title\" content=\"Contact Us | OZ Poncho\" \/>\n<meta property=\"og:description\" content=\"Contact us here by email or phone. 24\/7. response in 48h max.\" \/>\n<meta property=\"og:url\" content=\"https:\/\/ozponcho.com.au\/cs\/kontaktujte-nas\/\" \/>\n<meta property=\"og:site_name\" content=\"OZ Poncho\" \/>\n<meta property=\"article:modified_time\" content=\"2024-04-19T00:35:20+00:00\" \/>\n<meta name=\"twitter:card\" content=\"summary_large_image\" \/>\n<meta name=\"twitter:label1\" content=\"Odhadovan\u00e1 doba \u010dten\u00ed\" \/>\n\t<meta name=\"twitter:data1\" content=\"1 minuta\" \/>\n<script type=\"application\/ld+json\" class=\"yoast-schema-graph\">{\"@context\":\"https:\/\/schema.org\",\"@graph\":[{\"@type\":\"WebPage\",\"@id\":\"https:\/\/ozponcho.com.au\/contact-us\/\",\"url\":\"https:\/\/ozponcho.com.au\/contact-us\/\",\"name\":\"Contact Us | OZ Poncho\",\"isPartOf\":{\"@id\":\"https:\/\/ozponcho.com.au\/#website\"},\"datePublished\":\"2022-11-26T04:59:02+00:00\",\"dateModified\":\"2024-04-19T00:35:20+00:00\",\"description\":\"Contact us here by email or phone. 24\/7. response in 48h max.\",\"breadcrumb\":{\"@id\":\"https:\/\/ozponcho.com.au\/contact-us\/#breadcrumb\"},\"inLanguage\":\"cs\",\"potentialAction\":[{\"@type\":\"ReadAction\",\"target\":[\"https:\/\/ozponcho.com.au\/contact-us\/\"]}]},{\"@type\":\"BreadcrumbList\",\"@id\":\"https:\/\/ozponcho.com.au\/contact-us\/#breadcrumb\",\"itemListElement\":[{\"@type\":\"ListItem\",\"position\":1,\"name\":\"Home\",\"item\":\"https:\/\/ozponcho.com.au\/\"},{\"@type\":\"ListItem\",\"position\":2,\"name\":\"Contact us\"}]},{\"@type\":\"WebSite\",\"@id\":\"https:\/\/ozponcho.com.au\/#website\",\"url\":\"https:\/\/ozponcho.com.au\/\",\"name\":\"OZ Poncho\",\"description\":\"\",\"potentialAction\":[{\"@type\":\"SearchAction\",\"target\":{\"@type\":\"EntryPoint\",\"urlTemplate\":\"https:\/\/ozponcho.com.au\/?s={search_term_string}\"},\"query-input\":{\"@type\":\"PropertyValueSpecification\",\"valueRequired\":true,\"valueName\":\"search_term_string\"}}],\"inLanguage\":\"cs\"}]}<\/script>\n<!-- \/ Yoast SEO plugin. -->","yoast_head_json":{"title":"Kontaktujte n\u00e1s | OZ Poncho","description":"Kontaktujte n\u00e1s zde e-mailem nebo telefonicky. Reakce 24 hodin denn\u011b, 7 dn\u00ed v t\u00fddnu, max. do 48 hodin.","robots":{"index":"index","follow":"follow","max-snippet":"max-snippet:-1","max-image-preview":"max-image-preview:large","max-video-preview":"max-video-preview:-1"},"canonical":"https:\/\/ozponcho.com.au\/cs\/kontaktujte-nas\/","og_locale":"cs_CZ","og_type":"article","og_title":"Contact Us | OZ Poncho","og_description":"Contact us here by email or phone. 24\/7. response in 48h max.","og_url":"https:\/\/ozponcho.com.au\/cs\/kontaktujte-nas\/","og_site_name":"OZ Poncho","article_modified_time":"2024-04-19T00:35:20+00:00","twitter_card":"summary_large_image","twitter_misc":{"Odhadovan\u00e1 doba \u010dten\u00ed":"1 minuta"},"schema":{"@context":"https:\/\/schema.org","@graph":[{"@type":"WebPage","@id":"https:\/\/ozponcho.com.au\/contact-us\/","url":"https:\/\/ozponcho.com.au\/contact-us\/","name":"Kontaktujte n\u00e1s | OZ Poncho","isPartOf":{"@id":"https:\/\/ozponcho.com.au\/#website"},"datePublished":"2022-11-26T04:59:02+00:00","dateModified":"2024-04-19T00:35:20+00:00","description":"Kontaktujte n\u00e1s zde e-mailem nebo telefonicky. Reakce 24 hodin denn\u011b, 7 dn\u00ed v t\u00fddnu, max. do 48 hodin.","breadcrumb":{"@id":"https:\/\/ozponcho.com.au\/contact-us\/#breadcrumb"},"inLanguage":"cs","potentialAction":[{"@type":"ReadAction","target":["https:\/\/ozponcho.com.au\/contact-us\/"]}]},{"@type":"BreadcrumbList","@id":"https:\/\/ozponcho.com.au\/contact-us\/#breadcrumb","itemListElement":[{"@type":"ListItem","position":1,"name":"Home","item":"https:\/\/ozponcho.com.au\/"},{"@type":"ListItem","position":2,"name":"Contact us"}]},{"@type":"WebSite","@id":"https:\/\/ozponcho.com.au\/#website","url":"https:\/\/ozponcho.com.au\/","name":"OZ Poncho","description":"","potentialAction":[{"@type":"SearchAction","target":{"@type":"EntryPoint","urlTemplate":"https:\/\/ozponcho.com.au\/?s={search_term_string}"},"query-input":{"@type":"PropertyValueSpecification","valueRequired":true,"valueName":"search_term_string"}}],"inLanguage":"cs"}]}},"_links":{"self":[{"href":"https:\/\/ozponcho.com.au\/cs\/wp-json\/wp\/v2\/pages\/39","targetHints":{"allow":["GET"]}}],"collection":[{"href":"https:\/\/ozponcho.com.au\/cs\/wp-json\/wp\/v2\/pages"}],"about":[{"href":"https:\/\/ozponcho.com.au\/cs\/wp-json\/wp\/v2\/types\/page"}],"author":[{"embeddable":true,"href":"https:\/\/ozponcho.com.au\/cs\/wp-json\/wp\/v2\/users\/1"}],"replies":[{"embeddable":true,"href":"https:\/\/ozponcho.com.au\/cs\/wp-json\/wp\/v2\/comments?post=39"}],"version-history":[{"count":5,"href":"https:\/\/ozponcho.com.au\/cs\/wp-json\/wp\/v2\/pages\/39\/revisions"}],"predecessor-version":[{"id":19082,"href":"https:\/\/ozponcho.com.au\/cs\/wp-json\/wp\/v2\/pages\/39\/revisions\/19082"}],"wp:attachment":[{"href":"https:\/\/ozponcho.com.au\/cs\/wp-json\/wp\/v2\/media?parent=39"}],"curies":[{"name":"wp","href":"https:\/\/api.w.org\/{rel}","templated":true}]}}