{"id":32,"date":"2022-11-26T15:54:13","date_gmt":"2022-11-26T04:54:13","guid":{"rendered":"https:\/\/ozponcho.com.au\/?page_id=32"},"modified":"2024-03-08T14:21:44","modified_gmt":"2024-03-08T03:21:44","slug":"about-us","status":"publish","type":"page","link":"https:\/\/ozponcho.com.au\/cs\/o-nas\/","title":{"rendered":"O n\u00e1s"},"content":{"rendered":"<h2>Kdo jsme<\/h2>\n<p>V\u00edtejte v Oz Poncho! Jsme rodinn\u00fd podnik se s\u00eddlem v \u010cesk\u00e9 republice, kter\u00fd je v\u00e1\u0161niv\u00fdm milovn\u00edkem pon\u010da a v\u0161eho, co s n\u00edm souvis\u00ed.<\/p>\n<p>Od sv\u00fdch skromn\u00fdch za\u010d\u00e1tk\u016f se sna\u017e\u00edme poskytovat vysoce kvalitn\u00ed pon\u010da za dostupn\u00e9 ceny z\u00e1kazn\u00edk\u016fm v cel\u00e9 zemi. Na\u0161e kolekce stylov\u00fdch a z\u00e1rove\u0148 pohodln\u00fdch kousk\u016f sah\u00e1 od klasick\u00fdch vzor\u016f a\u017e po odv\u00e1\u017en\u00e9 v\u00fdrazn\u00e9 kousky - ide\u00e1ln\u00ed pro ka\u017edou p\u0159\u00edle\u017eitost nebo ro\u010dn\u00ed obdob\u00ed. A\u0165 u\u017e chcete n\u011bco tradi\u010dn\u00edho, modern\u00edho nebo jedine\u010dn\u00e9ho, m\u00e1me to pro v\u00e1s!<\/p>\n<p>Ch\u00e1peme, jak d\u016fle\u017eit\u00e9 je pohodl\u00ed p\u0159i no\u0161en\u00ed takov\u00fdch od\u011bv\u016f, tak\u017ee ka\u017ed\u00fd kus byl navr\u017een s ohledem na va\u0161e pot\u0159eby - nen\u00ed nic hor\u0161\u00edho ne\u017e nepohodln\u00e9 oble\u010den\u00ed, kter\u00e9 v\u00e1m zkaz\u00ed den! Proto je v\u0161e vyrobeno z pe\u010dliv\u011b vybran\u00fdch materi\u00e1l\u016f, jako jsou m\u011bkk\u00e9 vln\u011bn\u00e9 sm\u011bsi a bavln\u011bn\u00e9 \u00faplety, kter\u00e9 v\u00e1s v chladn\u011bj\u0161\u00edch dnech zah\u0159ej\u00ed, ani\u017e byste se c\u00edtili p\u0159\u00edli\u0161 t\u011b\u017ec\u00ed. Nav\u00edc je lze pr\u00e1t v pra\u010dce - d\u00edky tomu se snadno udr\u017euj\u00ed po del\u0161\u00ed dobu (jen je nezapome\u0148te ned\u00e1vat do bl\u00edzkosti tepla!).<\/p>\n<p>V Oz Poncho je z\u00e1kaznick\u00fd servis nejd\u016fle\u017eit\u011bj\u0161\u00ed: ka\u017ed\u00e1 objedn\u00e1vka m\u00e1 dopravu zdarma v r\u00e1mci \u010cesk\u00e9 republiky a v p\u0159\u00edpad\u011b pot\u0159eby tak\u00e9 osobn\u00ed poradenstv\u00ed, tak\u017ee se ujist\u011bte, \u017ee dostanete to, co v\u00e1m nejl\u00e9pe vyhovuje podle va\u0161ich t\u011blesn\u00fdch tvar\u016f a stylov\u00fdch preferenc\u00ed, je\u0161t\u011b ne\u017e proces objedn\u00e1vky skon\u010d\u00ed \ud83d\ude09 Nez\u00e1le\u017e\u00ed na tom, kdo tento od\u011bv nos\u00ed, ka\u017ed\u00fd si zaslou\u017e\u00ed c\u00edtit se dob\u0159e ve sv\u00e9 k\u016f\u017ei a my jsme tu, abychom v\u00e1m to pomohli splnit.<\/p>\n<p>Tak se do toho pus\u0165te a prozkoumejte na\u0161i kolekci pon\u010d je\u0161t\u011b dnes!<\/p>\n<h2>Na\u0161e z\u00e1kladn\u00ed hodnoty<\/h2>\n<p>Ve spole\u010dnosti Oz Poncho se sna\u017e\u00edme poskytovat kvalitn\u00ed oble\u010den\u00ed za p\u0159ijatelnou cenu. Sna\u017e\u00edme se o dokonal\u00fd z\u00e1kaznick\u00fd servis a v\u011b\u0159\u00edme, \u017ee ka\u017ed\u00fd by m\u011bl m\u00edt mo\u017enost c\u00edtit se dob\u0159e v tom, co m\u00e1 na sob\u011b, ani\u017e by p\u0159i\u0161el o pen\u00edze. Proto mezi na\u0161e z\u00e1kladn\u00ed hodnoty pat\u0159\u00ed:<\/p>\n<ul>\n<li>Kvalita - Na\u0161e pon\u010da jsou vyrobena z pe\u010dliv\u011b vybran\u00fdch materi\u00e1l\u016f, jako jsou m\u011bkk\u00e9 vln\u011bn\u00e9 sm\u011bsi a bavln\u011bn\u00e9 \u00faplety, kter\u00e9 v\u00e1s v chladn\u011bj\u0161\u00edch dnech zah\u0159ej\u00ed, ani\u017e byste se c\u00edtili p\u0159\u00edli\u0161 t\u011b\u017ec\u00ed. Nav\u00edc je lze pr\u00e1t v pra\u010dce - d\u00edky tomu se snadno udr\u017euj\u00ed v pr\u016fb\u011bhu \u010dasu!<\/li>\n<li>Pohodl\u00ed a styl - Ka\u017ed\u00fd kus byl navr\u017een s ohledem na va\u0161e pot\u0159eby, tak\u017ee a\u0165 u\u017e chcete n\u011bco tradi\u010dn\u00edho, modern\u00edho nebo jedine\u010dn\u00e9ho, v\u0161echno tu pro v\u00e1s m\u00e1me \ud83d\ude09.<\/li>\n<li>P\u0159\u00edzniv\u00e9 ceny - Nikdo nerad utr\u00e1c\u00ed p\u0159i nakupov\u00e1n\u00ed majlant, ale nikdo tak\u00e9 nechce levn\u00e9 zbo\u017e\u00ed; proto je zde v\u0161e za rozumn\u00e9 ceny, kter\u00e9 z\u00e1kazn\u00edk\u016fm z cel\u00e9 \u010cesk\u00e9 republiky umo\u017e\u0148uj\u00ed p\u0159\u00edstup ke skv\u011bl\u00e9mu vzhledu za m\u00e9n\u011b pen\u011bz ne\u017e kdykoli p\u0159edt\u00edm!<\/li>\n<li>Na z\u00e1kaznick\u00e9m servisu z\u00e1le\u017e\u00ed nejv\u00edce - Ka\u017ed\u00e1 objedn\u00e1vka je dod\u00e1v\u00e1na s dopravou zdarma v r\u00e1mci \u010cesk\u00e9 republiky a v p\u0159\u00edpad\u011b pot\u0159eby s individu\u00e1ln\u00edm poradenstv\u00edm, kter\u00e9 zajist\u00ed, \u017ee ka\u017ed\u00fd jednotlivec dostane p\u0159esn\u011b to, co mu nejl\u00e9pe vyhovuje podle jeho tvaru t\u011bla a stylov\u00fdch preferenc\u00ed \ud83d\ude42<\/li>\n<\/ul>\n<p>Poj\u010fte s n\u00e1mi prozkoumat tento vzru\u0161uj\u00edc\u00ed sv\u011bt m\u00f3dn\u00edch a z\u00e1rove\u0148 pohodln\u00fdch pon\u010d!<\/p>","protected":false},"excerpt":{"rendered":"<p>Who We Are Welcome to Oz Poncho! We are a family-owned business based in that is passionate about ponchos and all things related. Since our humble beginnings, we have been committed to providing high-quality ponchos at affordable prices for customers across the country. Our collection of stylish yet comfortable pieces range from classic designs to [&#8230;]","protected":false},"author":1,"featured_media":0,"parent":0,"menu_order":0,"comment_status":"closed","ping_status":"closed","template":"page-blank-title-center.php","meta":{"footnotes":""},"class_list":["post-32","page","type-page","status-publish","hentry"],"yoast_head":"<!-- This site is optimized with the Yoast SEO plugin v25.9 - https:\/\/yoast.com\/wordpress\/plugins\/seo\/ -->\n<title>About us | OZ Poncho<\/title>\n<meta name=\"robots\" content=\"index, follow, max-snippet:-1, max-image-preview:large, max-video-preview:-1\" \/>\n<link rel=\"canonical\" href=\"https:\/\/ozponcho.com.au\/cs\/o-nas\/\" \/>\n<meta property=\"og:locale\" content=\"cs_CZ\" \/>\n<meta property=\"og:type\" content=\"article\" \/>\n<meta property=\"og:title\" content=\"About us | OZ Poncho\" \/>\n<meta property=\"og:description\" content=\"Who We Are Welcome to Oz Poncho! We are a family-owned business based in that is passionate about ponchos and all things related. Since our humble beginnings, we have been committed to providing high-quality ponchos at affordable prices for customers across the country. Our collection of stylish yet comfortable pieces range from classic designs to [...]\" \/>\n<meta property=\"og:url\" content=\"https:\/\/ozponcho.com.au\/cs\/o-nas\/\" \/>\n<meta property=\"og:site_name\" content=\"OZ Poncho\" \/>\n<meta property=\"article:modified_time\" content=\"2024-03-08T03:21:44+00:00\" \/>\n<meta name=\"twitter:card\" content=\"summary_large_image\" \/>\n<meta name=\"twitter:label1\" content=\"Odhadovan\u00e1 doba \u010dten\u00ed\" \/>\n\t<meta name=\"twitter:data1\" content=\"2 minuty\" \/>\n<script type=\"application\/ld+json\" class=\"yoast-schema-graph\">{\"@context\":\"https:\/\/schema.org\",\"@graph\":[{\"@type\":\"WebPage\",\"@id\":\"https:\/\/ozponcho.com.au\/about-us\/\",\"url\":\"https:\/\/ozponcho.com.au\/about-us\/\",\"name\":\"About us | OZ Poncho\",\"isPartOf\":{\"@id\":\"https:\/\/ozponcho.com.au\/#website\"},\"datePublished\":\"2022-11-26T04:54:13+00:00\",\"dateModified\":\"2024-03-08T03:21:44+00:00\",\"breadcrumb\":{\"@id\":\"https:\/\/ozponcho.com.au\/about-us\/#breadcrumb\"},\"inLanguage\":\"cs\",\"potentialAction\":[{\"@type\":\"ReadAction\",\"target\":[\"https:\/\/ozponcho.com.au\/about-us\/\"]}]},{\"@type\":\"BreadcrumbList\",\"@id\":\"https:\/\/ozponcho.com.au\/about-us\/#breadcrumb\",\"itemListElement\":[{\"@type\":\"ListItem\",\"position\":1,\"name\":\"Home\",\"item\":\"https:\/\/ozponcho.com.au\/\"},{\"@type\":\"ListItem\",\"position\":2,\"name\":\"About us\"}]},{\"@type\":\"WebSite\",\"@id\":\"https:\/\/ozponcho.com.au\/#website\",\"url\":\"https:\/\/ozponcho.com.au\/\",\"name\":\"OZ Poncho\",\"description\":\"\",\"potentialAction\":[{\"@type\":\"SearchAction\",\"target\":{\"@type\":\"EntryPoint\",\"urlTemplate\":\"https:\/\/ozponcho.com.au\/?s={search_term_string}\"},\"query-input\":{\"@type\":\"PropertyValueSpecification\",\"valueRequired\":true,\"valueName\":\"search_term_string\"}}],\"inLanguage\":\"cs\"}]}<\/script>\n<!-- \/ Yoast SEO plugin. -->","yoast_head_json":{"title":"O n\u00e1s | OZ Poncho","robots":{"index":"index","follow":"follow","max-snippet":"max-snippet:-1","max-image-preview":"max-image-preview:large","max-video-preview":"max-video-preview:-1"},"canonical":"https:\/\/ozponcho.com.au\/cs\/o-nas\/","og_locale":"cs_CZ","og_type":"article","og_title":"About us | OZ Poncho","og_description":"Who We Are Welcome to Oz Poncho! We are a family-owned business based in that is passionate about ponchos and all things related. Since our humble beginnings, we have been committed to providing high-quality ponchos at affordable prices for customers across the country. Our collection of stylish yet comfortable pieces range from classic designs to [...]","og_url":"https:\/\/ozponcho.com.au\/cs\/o-nas\/","og_site_name":"OZ Poncho","article_modified_time":"2024-03-08T03:21:44+00:00","twitter_card":"summary_large_image","twitter_misc":{"Odhadovan\u00e1 doba \u010dten\u00ed":"2 minuty"},"schema":{"@context":"https:\/\/schema.org","@graph":[{"@type":"WebPage","@id":"https:\/\/ozponcho.com.au\/about-us\/","url":"https:\/\/ozponcho.com.au\/about-us\/","name":"O n\u00e1s | OZ Poncho","isPartOf":{"@id":"https:\/\/ozponcho.com.au\/#website"},"datePublished":"2022-11-26T04:54:13+00:00","dateModified":"2024-03-08T03:21:44+00:00","breadcrumb":{"@id":"https:\/\/ozponcho.com.au\/about-us\/#breadcrumb"},"inLanguage":"cs","potentialAction":[{"@type":"ReadAction","target":["https:\/\/ozponcho.com.au\/about-us\/"]}]},{"@type":"BreadcrumbList","@id":"https:\/\/ozponcho.com.au\/about-us\/#breadcrumb","itemListElement":[{"@type":"ListItem","position":1,"name":"Home","item":"https:\/\/ozponcho.com.au\/"},{"@type":"ListItem","position":2,"name":"About us"}]},{"@type":"WebSite","@id":"https:\/\/ozponcho.com.au\/#website","url":"https:\/\/ozponcho.com.au\/","name":"OZ Poncho","description":"","potentialAction":[{"@type":"SearchAction","target":{"@type":"EntryPoint","urlTemplate":"https:\/\/ozponcho.com.au\/?s={search_term_string}"},"query-input":{"@type":"PropertyValueSpecification","valueRequired":true,"valueName":"search_term_string"}}],"inLanguage":"cs"}]}},"_links":{"self":[{"href":"https:\/\/ozponcho.com.au\/cs\/wp-json\/wp\/v2\/pages\/32","targetHints":{"allow":["GET"]}}],"collection":[{"href":"https:\/\/ozponcho.com.au\/cs\/wp-json\/wp\/v2\/pages"}],"about":[{"href":"https:\/\/ozponcho.com.au\/cs\/wp-json\/wp\/v2\/types\/page"}],"author":[{"embeddable":true,"href":"https:\/\/ozponcho.com.au\/cs\/wp-json\/wp\/v2\/users\/1"}],"replies":[{"embeddable":true,"href":"https:\/\/ozponcho.com.au\/cs\/wp-json\/wp\/v2\/comments?post=32"}],"version-history":[{"count":0,"href":"https:\/\/ozponcho.com.au\/cs\/wp-json\/wp\/v2\/pages\/32\/revisions"}],"wp:attachment":[{"href":"https:\/\/ozponcho.com.au\/cs\/wp-json\/wp\/v2\/media?parent=32"}],"curies":[{"name":"wp","href":"https:\/\/api.w.org\/{rel}","templated":true}]}}