{"id":30,"date":"2022-11-26T15:53:28","date_gmt":"2022-11-26T04:53:28","guid":{"rendered":"https:\/\/ozponcho.com.au\/?page_id=30"},"modified":"2024-03-08T14:31:18","modified_gmt":"2024-03-08T03:31:18","slug":"promo-codes-discounts","status":"publish","type":"page","link":"https:\/\/ozponcho.com.au\/cs\/promo-kody-slevy\/","title":{"rendered":"Promo k\u00f3dy a slevy"},"content":{"rendered":"<p>V\u00edtejte v kouzeln\u00e9m sv\u011bt\u011b promo k\u00f3d\u016f a slev!<\/p>\n<p>Pokud hled\u00e1te ty nejlep\u0161\u00ed nab\u00eddky na oble\u010den\u00ed pon\u010do, u\u017e nehledejte! Ve spole\u010dnosti [vlo\u017ete n\u00e1zev firmy] r\u00e1di odm\u011b\u0148ujeme sv\u00e9 z\u00e1kazn\u00edky speci\u00e1ln\u00edmi nab\u00eddkami a slevami.<\/p>\n<p>V\u00edme, jak t\u011b\u017ek\u00e9 je naj\u00edt dokonal\u00e9 pon\u010do, a proto v\u00e1m to je\u0161t\u011b v\u00edce usnadn\u00edme, proto\u017ee m\u00e1me k dispozici propaga\u010dn\u00ed k\u00f3dy a slevy. A\u0165 u\u017e nakupujete pro sebe nebo pro n\u011bkoho bl\u00edzk\u00e9ho, m\u00e1me pro v\u00e1s \u0161irokou nab\u00eddku promo k\u00f3d\u016f a slev.<\/p>\n<p>Pro\u010d neza\u010d\u00edt svou cestu za n\u00e1kupy pon\u010da se speci\u00e1ln\u00edm slevov\u00fdm k\u00f3dem? P\u0159i prvn\u00edm n\u00e1kupu z\u00edsk\u00e1te slevu 10%, kdy\u017e p\u0159i placen\u00ed zad\u00e1te k\u00f3d \"PONCHO10\".<\/p>\n<p>M\u00e1me tak\u00e9 slevy na vybran\u00e9 styly a kolekce pon\u010da. A\u0165 u\u017e hled\u00e1te n\u011bco klasick\u00e9ho, nebo n\u011bco jedine\u010dn\u00e9ho, u n\u00e1s si vybere ka\u017ed\u00fd.<\/p>\n<p>Nezapome\u0148te tuto str\u00e1nku pravideln\u011b kontrolovat, abyste zjistili nejnov\u011bj\u0161\u00ed a nejlep\u0161\u00ed propaga\u010dn\u00ed k\u00f3dy a slevy. S tolika skv\u011bl\u00fdmi nab\u00eddkami si jist\u011b vyberete to prav\u00e9 pon\u010do pro v\u00e1s.<\/p>\n<p>\u0160\u0165astn\u00e9 nakupov\u00e1n\u00ed!<\/p>","protected":false},"excerpt":{"rendered":"<p>Welcome to the magical world of promo codes &amp; discounts! If you&#8217;re looking for the best deals on poncho clothing, then look no further! Here at [insert business name], we love to reward our customers with special offers and discounts. We know how hard it is to find the perfect poncho, so to make it [&#8230;]","protected":false},"author":1,"featured_media":0,"parent":0,"menu_order":0,"comment_status":"closed","ping_status":"closed","template":"page-blank-title-center.php","meta":{"footnotes":""},"class_list":["post-30","page","type-page","status-publish","hentry"],"yoast_head":"<!-- This site is optimized with the Yoast SEO plugin v25.9 - https:\/\/yoast.com\/wordpress\/plugins\/seo\/ -->\n<title>OZ Poncho Promo Codes &amp; Discounts<\/title>\n<meta name=\"description\" content=\"Take advantage of a 10% discount on the entire OZ Poncho boutique today by applying the following promo code:\" \/>\n<meta name=\"robots\" content=\"index, follow, max-snippet:-1, max-image-preview:large, max-video-preview:-1\" \/>\n<link rel=\"canonical\" href=\"https:\/\/ozponcho.com.au\/cs\/promo-kody-slevy\/\" \/>\n<meta property=\"og:locale\" content=\"cs_CZ\" \/>\n<meta property=\"og:type\" content=\"article\" \/>\n<meta property=\"og:title\" content=\"OZ Poncho Promo Codes &amp; Discounts\" \/>\n<meta property=\"og:description\" content=\"Take advantage of a 10% discount on the entire OZ Poncho boutique today by applying the following promo code:\" \/>\n<meta property=\"og:url\" content=\"https:\/\/ozponcho.com.au\/cs\/promo-kody-slevy\/\" \/>\n<meta property=\"og:site_name\" content=\"OZ Poncho\" \/>\n<meta property=\"article:modified_time\" content=\"2024-03-08T03:31:18+00:00\" \/>\n<meta name=\"twitter:card\" content=\"summary_large_image\" \/>\n<meta name=\"twitter:label1\" content=\"Odhadovan\u00e1 doba \u010dten\u00ed\" \/>\n\t<meta name=\"twitter:data1\" content=\"1 minuta\" \/>\n<script type=\"application\/ld+json\" class=\"yoast-schema-graph\">{\"@context\":\"https:\/\/schema.org\",\"@graph\":[{\"@type\":\"WebPage\",\"@id\":\"https:\/\/ozponcho.com.au\/promo-codes-discounts\/\",\"url\":\"https:\/\/ozponcho.com.au\/promo-codes-discounts\/\",\"name\":\"OZ Poncho Promo Codes & Discounts\",\"isPartOf\":{\"@id\":\"https:\/\/ozponcho.com.au\/#website\"},\"datePublished\":\"2022-11-26T04:53:28+00:00\",\"dateModified\":\"2024-03-08T03:31:18+00:00\",\"description\":\"Take advantage of a 10% discount on the entire OZ Poncho boutique today by applying the following promo code:\",\"breadcrumb\":{\"@id\":\"https:\/\/ozponcho.com.au\/promo-codes-discounts\/#breadcrumb\"},\"inLanguage\":\"cs\",\"potentialAction\":[{\"@type\":\"ReadAction\",\"target\":[\"https:\/\/ozponcho.com.au\/promo-codes-discounts\/\"]}]},{\"@type\":\"BreadcrumbList\",\"@id\":\"https:\/\/ozponcho.com.au\/promo-codes-discounts\/#breadcrumb\",\"itemListElement\":[{\"@type\":\"ListItem\",\"position\":1,\"name\":\"Home\",\"item\":\"https:\/\/ozponcho.com.au\/\"},{\"@type\":\"ListItem\",\"position\":2,\"name\":\"Promo codes &#038; discounts\"}]},{\"@type\":\"WebSite\",\"@id\":\"https:\/\/ozponcho.com.au\/#website\",\"url\":\"https:\/\/ozponcho.com.au\/\",\"name\":\"OZ Poncho\",\"description\":\"\",\"potentialAction\":[{\"@type\":\"SearchAction\",\"target\":{\"@type\":\"EntryPoint\",\"urlTemplate\":\"https:\/\/ozponcho.com.au\/?s={search_term_string}\"},\"query-input\":{\"@type\":\"PropertyValueSpecification\",\"valueRequired\":true,\"valueName\":\"search_term_string\"}}],\"inLanguage\":\"cs\"}]}<\/script>\n<!-- \/ Yoast SEO plugin. -->","yoast_head_json":{"title":"OZ Poncho Promo k\u00f3dy a slevy","description":"Vyu\u017eijte slevu 10% na cel\u00fd butik OZ Poncho a pou\u017eijte n\u00e1sleduj\u00edc\u00ed promo k\u00f3d:","robots":{"index":"index","follow":"follow","max-snippet":"max-snippet:-1","max-image-preview":"max-image-preview:large","max-video-preview":"max-video-preview:-1"},"canonical":"https:\/\/ozponcho.com.au\/cs\/promo-kody-slevy\/","og_locale":"cs_CZ","og_type":"article","og_title":"OZ Poncho Promo Codes & Discounts","og_description":"Take advantage of a 10% discount on the entire OZ Poncho boutique today by applying the following promo code:","og_url":"https:\/\/ozponcho.com.au\/cs\/promo-kody-slevy\/","og_site_name":"OZ Poncho","article_modified_time":"2024-03-08T03:31:18+00:00","twitter_card":"summary_large_image","twitter_misc":{"Odhadovan\u00e1 doba \u010dten\u00ed":"1 minuta"},"schema":{"@context":"https:\/\/schema.org","@graph":[{"@type":"WebPage","@id":"https:\/\/ozponcho.com.au\/promo-codes-discounts\/","url":"https:\/\/ozponcho.com.au\/promo-codes-discounts\/","name":"OZ Poncho Promo k\u00f3dy a slevy","isPartOf":{"@id":"https:\/\/ozponcho.com.au\/#website"},"datePublished":"2022-11-26T04:53:28+00:00","dateModified":"2024-03-08T03:31:18+00:00","description":"Vyu\u017eijte slevu 10% na cel\u00fd butik OZ Poncho a pou\u017eijte n\u00e1sleduj\u00edc\u00ed promo k\u00f3d:","breadcrumb":{"@id":"https:\/\/ozponcho.com.au\/promo-codes-discounts\/#breadcrumb"},"inLanguage":"cs","potentialAction":[{"@type":"ReadAction","target":["https:\/\/ozponcho.com.au\/promo-codes-discounts\/"]}]},{"@type":"BreadcrumbList","@id":"https:\/\/ozponcho.com.au\/promo-codes-discounts\/#breadcrumb","itemListElement":[{"@type":"ListItem","position":1,"name":"Home","item":"https:\/\/ozponcho.com.au\/"},{"@type":"ListItem","position":2,"name":"Promo codes &#038; discounts"}]},{"@type":"WebSite","@id":"https:\/\/ozponcho.com.au\/#website","url":"https:\/\/ozponcho.com.au\/","name":"OZ Poncho","description":"","potentialAction":[{"@type":"SearchAction","target":{"@type":"EntryPoint","urlTemplate":"https:\/\/ozponcho.com.au\/?s={search_term_string}"},"query-input":{"@type":"PropertyValueSpecification","valueRequired":true,"valueName":"search_term_string"}}],"inLanguage":"cs"}]}},"_links":{"self":[{"href":"https:\/\/ozponcho.com.au\/cs\/wp-json\/wp\/v2\/pages\/30","targetHints":{"allow":["GET"]}}],"collection":[{"href":"https:\/\/ozponcho.com.au\/cs\/wp-json\/wp\/v2\/pages"}],"about":[{"href":"https:\/\/ozponcho.com.au\/cs\/wp-json\/wp\/v2\/types\/page"}],"author":[{"embeddable":true,"href":"https:\/\/ozponcho.com.au\/cs\/wp-json\/wp\/v2\/users\/1"}],"replies":[{"embeddable":true,"href":"https:\/\/ozponcho.com.au\/cs\/wp-json\/wp\/v2\/comments?post=30"}],"version-history":[{"count":0,"href":"https:\/\/ozponcho.com.au\/cs\/wp-json\/wp\/v2\/pages\/30\/revisions"}],"wp:attachment":[{"href":"https:\/\/ozponcho.com.au\/cs\/wp-json\/wp\/v2\/media?parent=30"}],"curies":[{"name":"wp","href":"https:\/\/api.w.org\/{rel}","templated":true}]}}