{"id":23,"date":"2022-11-26T15:51:17","date_gmt":"2022-11-26T04:51:17","guid":{"rendered":"https:\/\/ozponcho.com.au\/?page_id=23"},"modified":"2023-11-08T21:11:28","modified_gmt":"2023-11-08T10:11:28","slug":"privacy-policy","status":"publish","type":"page","link":"https:\/\/ozponcho.com.au\/cs\/zasady-ochrany-osobnich-udaju\/","title":{"rendered":"Z\u00e1sady ochrany osobn\u00edch \u00fadaj\u016f"},"content":{"rendered":"<p>This Privacy Policy describes how your personal information is collected, used,and shared when you visit or make a purchase from ozponcho.com.au (the \u201cSite\u201d).<\/p>\n<h2>OSOBN\u00cd \u00daDAJE, KTER\u00c9 SHROMA\u017d\u010eUJEME<\/h2>\n<p>Kdy\u017e nav\u0161t\u00edv\u00edte Str\u00e1nky, automaticky shroma\u017e\u010fujeme ur\u010dit\u00e9 informace o va\u0161em za\u0159\u00edzen\u00ed, v\u010detn\u011b informac\u00ed o va\u0161em webov\u00e9m prohl\u00ed\u017ee\u010di, IP adrese, \u010dasov\u00e9m p\u00e1smu a n\u011bkter\u00fdch souborech cookie, kter\u00e9 jsou ve va\u0161em za\u0159\u00edzen\u00ed nainstalov\u00e1ny. Krom\u011b toho p\u0159i prohl\u00ed\u017een\u00ed Str\u00e1nek shroma\u017e\u010fujeme informace o jednotliv\u00fdch webov\u00fdch str\u00e1nk\u00e1ch nebo produktech, kter\u00e9 si prohl\u00ed\u017e\u00edte, o tom, jak\u00e9 webov\u00e9 str\u00e1nky nebo vyhled\u00e1vac\u00ed v\u00fdrazy v\u00e1s na Str\u00e1nky odk\u00e1zaly, a informace o tom, jak se Str\u00e1nkami pracujete. Tyto automaticky shroma\u017e\u010fovan\u00e9 informace ozna\u010dujeme jako \"Informace o za\u0159\u00edzen\u00ed\".<\/p>\n<p>Informace o za\u0159\u00edzen\u00ed shroma\u017e\u010fujeme pomoc\u00ed n\u00e1sleduj\u00edc\u00edch technologi\u00ed:<\/p>\n<ul>\n<li>\"Soubory cookie\" jsou datov\u00e9 soubory, kter\u00e9 se ukl\u00e1daj\u00ed do va\u0161eho za\u0159\u00edzen\u00ed nebo po\u010d\u00edta\u010de a \u010dasto obsahuj\u00ed anonymn\u00ed jedine\u010dn\u00fd identifik\u00e1tor. Dal\u0161\u00ed informace o souborech cookie a o tom, jak je zak\u00e1zat, najdete na adrese http:\/\/www.allaboutcookies.org.<\/li>\n<li>\"Protokolov\u00e9 soubory\" sleduj\u00ed akce prov\u00e1d\u011bn\u00e9 na Str\u00e1nk\u00e1ch a shroma\u017e\u010fuj\u00ed \u00fadaje v\u010detn\u011b va\u0161\u00ed IP adresy, typu prohl\u00ed\u017ee\u010de, poskytovatele internetov\u00fdch slu\u017eeb, odkazuj\u00edc\u00edch\/odkazovan\u00fdch str\u00e1nek a \u010dasov\u00fdch raz\u00edtek.<\/li>\n<li>\"Webov\u00e9 sign\u00e1ly\", \"zna\u010dky\" a \"pixely\" jsou elektronick\u00e9 soubory, kter\u00e9 se pou\u017e\u00edvaj\u00ed k zaznamen\u00e1v\u00e1n\u00ed informac\u00ed o tom, jak proch\u00e1z\u00edte Str\u00e1nky.<\/li>\n<\/ul>\n<p>Kdy\u017e nav\u00edc na Str\u00e1nk\u00e1ch nakoup\u00edte nebo se pokus\u00edte nakoupit, shroma\u017e\u010fujeme od v\u00e1s ur\u010dit\u00e9 informace, v\u010detn\u011b va\u0161eho jm\u00e9na, faktura\u010dn\u00ed adresy, dodac\u00ed adresy, platebn\u00edch \u00fadaj\u016f (v\u010detn\u011b \u010d\u00edsel kreditn\u00edch karet).\n<p>Kdy\u017e v t\u011bchto z\u00e1sad\u00e1ch ochrany osobn\u00edch \u00fadaj\u016f hovo\u0159\u00edme o \"osobn\u00edch \u00fadaj\u00edch\", m\u00e1me na mysli jak \u00fadaje o za\u0159\u00edzen\u00ed, tak \u00fadaje o objedn\u00e1vce.<\/p>\n<h2>JAK POU\u017d\u00cdV\u00c1ME VA\u0160E OSOBN\u00cd \u00daDAJE?<\/h2>\n<p>Informace o objedn\u00e1vk\u00e1ch, kter\u00e9 shroma\u017e\u010fujeme, pou\u017e\u00edv\u00e1me obecn\u011b k pln\u011bn\u00ed objedn\u00e1vek zadan\u00fdch prost\u0159ednictv\u00edm Str\u00e1nek (v\u010detn\u011b zpracov\u00e1n\u00ed va\u0161ich platebn\u00edch \u00fadaj\u016f, zaji\u0161t\u011bn\u00ed p\u0159epravy a poskytnut\u00ed faktur a\/nebo potvrzen\u00ed objedn\u00e1vek). Krom\u011b toho tyto Informace o objedn\u00e1vk\u00e1ch pou\u017e\u00edv\u00e1me k:<\/p>\n<ul>\n<li>komunikovat s v\u00e1mi;<\/li>\n<li>prov\u011b\u0159ovat na\u0161e objedn\u00e1vky z hlediska mo\u017en\u00e9ho rizika nebo podvodu; a<\/li>\n<li>v souladu s preferencemi, kter\u00e9 jste n\u00e1m sd\u011blili, v\u00e1m poskytovat informace nebo reklamu t\u00fdkaj\u00edc\u00ed se na\u0161ich produkt\u016f nebo slu\u017eeb.<\/li>\n<\/ul>\n<p>Informace o za\u0159\u00edzen\u00ed, kter\u00e9 shroma\u017e\u010fujeme, n\u00e1m pom\u00e1haj\u00ed p\u0159i kontrole potenci\u00e1ln\u00edch rizik a podvod\u016f (zejm\u00e9na va\u0161e IP adresa) a obecn\u011bji p\u0159i zlep\u0161ov\u00e1n\u00ed a optimalizaci na\u0161ich str\u00e1nek (nap\u0159\u00edklad vytv\u00e1\u0159en\u00edm analytick\u00fdch \u00fadaj\u016f o tom, jak na\u0161i z\u00e1kazn\u00edci proch\u00e1zej\u00ed str\u00e1nky a jak s nimi pracuj\u00ed, a p\u0159i vyhodnocov\u00e1n\u00ed \u00fasp\u011b\u0161nosti na\u0161ich marketingov\u00fdch a reklamn\u00edch kampan\u00ed).<\/p>\n<h2>SD\u00cdLEN\u00cd VA\u0160ICH OSOBN\u00cdCH \u00daDAJ\u016e<\/h2>\n<p>Va\u0161e osobn\u00ed \u00fadaje sd\u00edl\u00edme s t\u0159et\u00edmi stranami, kter\u00e9 n\u00e1m pom\u00e1haj\u00ed pou\u017e\u00edvat va\u0161e osobn\u00ed \u00fadaje, jak je pops\u00e1no v\u00fd\u0161e. Nap\u0159\u00edklad pou\u017e\u00edv\u00e1me spole\u010dnost Shopify k provozov\u00e1n\u00ed na\u0161eho internetov\u00e9ho obchodu - v\u00edce informac\u00ed o tom, jak spole\u010dnost Shopify pou\u017e\u00edv\u00e1 va\u0161e Osobn\u00ed \u00fadaje, si m\u016f\u017eete p\u0159e\u010d\u00edst zde: https:\/\/www.shopify.com\/legal\/privacy. Pou\u017e\u00edv\u00e1me tak\u00e9 slu\u017ebu Google Analytics, kter\u00e1 n\u00e1m pom\u00e1h\u00e1 pochopit, jak na\u0161i z\u00e1kazn\u00edci pou\u017e\u00edvaj\u00ed Str\u00e1nky - v\u00edce informac\u00ed o tom, jak spole\u010dnost Google pou\u017e\u00edv\u00e1 va\u0161e Osobn\u00ed \u00fadaje, si m\u016f\u017eete p\u0159e\u010d\u00edst zde: https:\/\/www.google.com\/intl\/en\/policies\/privacy\/. Slu\u017ebu Google Analytics m\u016f\u017eete tak\u00e9 odhl\u00e1sit zde: https:\/\/tools.google.com\/dlpage\/gaoptout.<\/p>\n<p>Va\u0161e osobn\u00ed \u00fadaje m\u016f\u017eeme tak\u00e9 sd\u00edlet, abychom vyhov\u011bli platn\u00fdm z\u00e1kon\u016fm a p\u0159edpis\u016fm, abychom reagovali na p\u0159edvol\u00e1n\u00ed, p\u0159\u00edkaz k prohl\u00eddce nebo jinou z\u00e1konnou \u017e\u00e1dost o informace, kter\u00e9 obdr\u017e\u00edme, nebo abychom jinak chr\u00e1nili sv\u00e1 pr\u00e1va.<\/p>\n<h2>BEHAVIOR\u00c1LN\u00cd REKLAMA<\/h2>\n<p>Jak je pops\u00e1no v\u00fd\u0161e, va\u0161e osobn\u00ed \u00fadaje pou\u017e\u00edv\u00e1me k tomu, abychom v\u00e1m poskytovali c\u00edlen\u00e9 reklamy nebo marketingov\u00e1 sd\u011blen\u00ed, o kter\u00fdch se domn\u00edv\u00e1me, \u017ee by v\u00e1s mohla zaj\u00edmat. Dal\u0161\u00ed informace o tom, jak funguje c\u00edlen\u00e1 reklama, naleznete na vzd\u011bl\u00e1vac\u00ed str\u00e1nce Network Advertising Initiative (d\u00e1le jen \"NAI\") na adrese http:\/\/www.networkadvertising.org\/understanding-online-advertising\/how-does-it-work.<\/p>\n<p>Krom\u011b toho se m\u016f\u017eete z n\u011bkter\u00fdch t\u011bchto slu\u017eeb odhl\u00e1sit na port\u00e1lu Digital Advertising Alliance: http:\/\/optout.aboutads.info\/.<\/p>\n<h2>NESLEDOVAT<\/h2>\n<p>Vezm\u011bte pros\u00edm na v\u011bdom\u00ed, \u017ee pokud v\u00e1\u0161 prohl\u00ed\u017ee\u010d zobraz\u00ed sign\u00e1l Do Not Track, nijak t\u00edm nem\u011bn\u00edme postupy shroma\u017e\u010fov\u00e1n\u00ed a pou\u017e\u00edv\u00e1n\u00ed dat na na\u0161ich str\u00e1nk\u00e1ch.<\/p>\n<h2>VA\u0160E PR\u00c1VA<\/h2>\n<p>Pokud jste obyvatelem Evropsk\u00e9 unie, m\u00e1te pr\u00e1vo na p\u0159\u00edstup k osobn\u00edm \u00fadaj\u016fm, kter\u00e9 o v\u00e1s uchov\u00e1v\u00e1me, a pr\u00e1vo po\u017e\u00e1dat o opravu, aktualizaci nebo vymaz\u00e1n\u00ed va\u0161ich osobn\u00edch \u00fadaj\u016f. Pokud chcete toto pr\u00e1vo uplatnit, kontaktujte n\u00e1s prost\u0159ednictv\u00edm n\u00ed\u017ee uveden\u00fdch kontaktn\u00edch \u00fadaj\u016f.<\/p>\n<p>Nav\u00edc, pokud jste evropsk\u00fdm rezidentem, upozor\u0148ujeme, \u017ee va\u0161e \u00fadaje zpracov\u00e1v\u00e1me za \u00fa\u010delem pln\u011bn\u00ed smluv, kter\u00e9 s v\u00e1mi m\u016f\u017eeme m\u00edt (nap\u0159\u00edklad pokud si prost\u0159ednictv\u00edm Str\u00e1nek objedn\u00e1te zbo\u017e\u00ed), nebo za \u00fa\u010delem realizace na\u0161ich v\u00fd\u0161e uveden\u00fdch opr\u00e1vn\u011bn\u00fdch obchodn\u00edch z\u00e1jm\u016f. D\u00e1le upozor\u0148ujeme, \u017ee va\u0161e \u00fadaje budou p\u0159ed\u00e1v\u00e1ny mimo Evropu, v\u010detn\u011b Kanady a Spojen\u00fdch st\u00e1t\u016f.<\/p>\n<h2>UCHOV\u00c1V\u00c1N\u00cd DAT<\/h2>\n<p>Pokud prost\u0159ednictv\u00edm Str\u00e1nek zad\u00e1te objedn\u00e1vku, uchov\u00e1me si va\u0161e informace o objedn\u00e1vce pro na\u0161e z\u00e1znamy, dokud n\u00e1s nepo\u017e\u00e1d\u00e1te o jejich vymaz\u00e1n\u00ed.<\/p>\n<h2>ZM\u011aNY<\/h2>\n<p>Tyto z\u00e1sady ochrany osobn\u00edch \u00fadaj\u016f m\u016f\u017eeme \u010das od \u010dasu aktualizovat, abychom zohlednili nap\u0159\u00edklad zm\u011bny na\u0161ich postup\u016f nebo z jin\u00fdch provozn\u00edch, pr\u00e1vn\u00edch nebo regula\u010dn\u00edch d\u016fvod\u016f.<\/p>\n<h2>KONTAKTUJTE N\u00c1S<\/h2>\n<p>For more information about our privacy practices, if you have questions, or if you would like to make a complaint, please contact us by e-mail at contact@ozponcho.com.au or by mail using the details provided below:<\/p>\nOZ Poncho\n36 Hurtle Square<br \/>\nAdelaide SA 5000<br \/>\nAustr\u00e1lie<\/p>","protected":false},"excerpt":{"rendered":"<p>This Privacy Policy describes how your personal information is collected, used,and shared when you visit or make a purchase from (the \u201cSite\u201d). PERSONAL INFORMATION WE COLLECT When you visit the Site, we automatically collect certain information about your device, including information about your web browser, IP address, time zone, and some of the cookies that [&#8230;]","protected":false},"author":1,"featured_media":0,"parent":0,"menu_order":0,"comment_status":"closed","ping_status":"closed","template":"page-blank-title-center.php","meta":{"footnotes":""},"class_list":["post-23","page","type-page","status-publish","hentry"],"yoast_head":"<!-- This site is optimized with the Yoast SEO plugin v25.9 - https:\/\/yoast.com\/wordpress\/plugins\/seo\/ -->\n<title>Privacy Policy | OZ Poncho<\/title>\n<meta name=\"robots\" content=\"noindex, follow\" \/>\n<meta property=\"og:locale\" content=\"cs_CZ\" \/>\n<meta property=\"og:type\" content=\"article\" \/>\n<meta property=\"og:title\" content=\"Privacy Policy | OZ Poncho\" \/>\n<meta property=\"og:description\" content=\"This Privacy Policy describes how your personal information is collected, used,and shared when you visit or make a purchase from (the \u201cSite\u201d). PERSONAL INFORMATION WE COLLECT When you visit the Site, we automatically collect certain information about your device, including information about your web browser, IP address, time zone, and some of the cookies that [...]\" \/>\n<meta property=\"og:url\" content=\"https:\/\/ozponcho.com.au\/cs\/zasady-ochrany-osobnich-udaju\/\" \/>\n<meta property=\"og:site_name\" content=\"OZ Poncho\" \/>\n<meta property=\"article:modified_time\" content=\"2023-11-08T10:11:28+00:00\" \/>\n<meta name=\"twitter:card\" content=\"summary_large_image\" \/>\n<meta name=\"twitter:label1\" content=\"Odhadovan\u00e1 doba \u010dten\u00ed\" \/>\n\t<meta name=\"twitter:data1\" content=\"4 minuty\" \/>\n<script type=\"application\/ld+json\" class=\"yoast-schema-graph\">{\"@context\":\"https:\/\/schema.org\",\"@graph\":[{\"@type\":\"WebPage\",\"@id\":\"https:\/\/ozponcho.com.au\/privacy-policy\/\",\"url\":\"https:\/\/ozponcho.com.au\/privacy-policy\/\",\"name\":\"Privacy Policy | OZ Poncho\",\"isPartOf\":{\"@id\":\"https:\/\/ozponcho.com.au\/#website\"},\"datePublished\":\"2022-11-26T04:51:17+00:00\",\"dateModified\":\"2023-11-08T10:11:28+00:00\",\"breadcrumb\":{\"@id\":\"https:\/\/ozponcho.com.au\/privacy-policy\/#breadcrumb\"},\"inLanguage\":\"cs\",\"potentialAction\":[{\"@type\":\"ReadAction\",\"target\":[\"https:\/\/ozponcho.com.au\/privacy-policy\/\"]}]},{\"@type\":\"BreadcrumbList\",\"@id\":\"https:\/\/ozponcho.com.au\/privacy-policy\/#breadcrumb\",\"itemListElement\":[{\"@type\":\"ListItem\",\"position\":1,\"name\":\"Home\",\"item\":\"https:\/\/ozponcho.com.au\/\"},{\"@type\":\"ListItem\",\"position\":2,\"name\":\"Privacy Policy\"}]},{\"@type\":\"WebSite\",\"@id\":\"https:\/\/ozponcho.com.au\/#website\",\"url\":\"https:\/\/ozponcho.com.au\/\",\"name\":\"OZ Poncho\",\"description\":\"\",\"potentialAction\":[{\"@type\":\"SearchAction\",\"target\":{\"@type\":\"EntryPoint\",\"urlTemplate\":\"https:\/\/ozponcho.com.au\/?s={search_term_string}\"},\"query-input\":{\"@type\":\"PropertyValueSpecification\",\"valueRequired\":true,\"valueName\":\"search_term_string\"}}],\"inLanguage\":\"cs\"}]}<\/script>\n<!-- \/ Yoast SEO plugin. -->","yoast_head_json":{"title":"Z\u00e1sady ochrany osobn\u00edch \u00fadaj\u016f | OZ Poncho","robots":{"index":"noindex","follow":"follow"},"og_locale":"cs_CZ","og_type":"article","og_title":"Privacy Policy | OZ Poncho","og_description":"This Privacy Policy describes how your personal information is collected, used,and shared when you visit or make a purchase from (the \u201cSite\u201d). PERSONAL INFORMATION WE COLLECT When you visit the Site, we automatically collect certain information about your device, including information about your web browser, IP address, time zone, and some of the cookies that [...]","og_url":"https:\/\/ozponcho.com.au\/cs\/zasady-ochrany-osobnich-udaju\/","og_site_name":"OZ Poncho","article_modified_time":"2023-11-08T10:11:28+00:00","twitter_card":"summary_large_image","twitter_misc":{"Odhadovan\u00e1 doba \u010dten\u00ed":"4 minuty"},"schema":{"@context":"https:\/\/schema.org","@graph":[{"@type":"WebPage","@id":"https:\/\/ozponcho.com.au\/privacy-policy\/","url":"https:\/\/ozponcho.com.au\/privacy-policy\/","name":"Z\u00e1sady ochrany osobn\u00edch \u00fadaj\u016f | OZ Poncho","isPartOf":{"@id":"https:\/\/ozponcho.com.au\/#website"},"datePublished":"2022-11-26T04:51:17+00:00","dateModified":"2023-11-08T10:11:28+00:00","breadcrumb":{"@id":"https:\/\/ozponcho.com.au\/privacy-policy\/#breadcrumb"},"inLanguage":"cs","potentialAction":[{"@type":"ReadAction","target":["https:\/\/ozponcho.com.au\/privacy-policy\/"]}]},{"@type":"BreadcrumbList","@id":"https:\/\/ozponcho.com.au\/privacy-policy\/#breadcrumb","itemListElement":[{"@type":"ListItem","position":1,"name":"Home","item":"https:\/\/ozponcho.com.au\/"},{"@type":"ListItem","position":2,"name":"Privacy Policy"}]},{"@type":"WebSite","@id":"https:\/\/ozponcho.com.au\/#website","url":"https:\/\/ozponcho.com.au\/","name":"OZ Poncho","description":"","potentialAction":[{"@type":"SearchAction","target":{"@type":"EntryPoint","urlTemplate":"https:\/\/ozponcho.com.au\/?s={search_term_string}"},"query-input":{"@type":"PropertyValueSpecification","valueRequired":true,"valueName":"search_term_string"}}],"inLanguage":"cs"}]}},"_links":{"self":[{"href":"https:\/\/ozponcho.com.au\/cs\/wp-json\/wp\/v2\/pages\/23","targetHints":{"allow":["GET"]}}],"collection":[{"href":"https:\/\/ozponcho.com.au\/cs\/wp-json\/wp\/v2\/pages"}],"about":[{"href":"https:\/\/ozponcho.com.au\/cs\/wp-json\/wp\/v2\/types\/page"}],"author":[{"embeddable":true,"href":"https:\/\/ozponcho.com.au\/cs\/wp-json\/wp\/v2\/users\/1"}],"replies":[{"embeddable":true,"href":"https:\/\/ozponcho.com.au\/cs\/wp-json\/wp\/v2\/comments?post=23"}],"version-history":[{"count":0,"href":"https:\/\/ozponcho.com.au\/cs\/wp-json\/wp\/v2\/pages\/23\/revisions"}],"wp:attachment":[{"href":"https:\/\/ozponcho.com.au\/cs\/wp-json\/wp\/v2\/media?parent=23"}],"curies":[{"name":"wp","href":"https:\/\/api.w.org\/{rel}","templated":true}]}}