{"id":21,"date":"2022-11-26T14:06:36","date_gmt":"2022-11-26T03:06:36","guid":{"rendered":"https:\/\/ozponcho.com.au\/?page_id=21"},"modified":"2023-01-29T03:41:47","modified_gmt":"2023-01-28T16:41:47","slug":"customer-reviews","status":"publish","type":"page","link":"https:\/\/ozponcho.com.au\/cs\/hodnoceni-zakazniku\/","title":{"rendered":"Hodnocen\u00ed z\u00e1kazn\u00edk\u016f"},"content":{"rendered":"<p>V\u00edtejte na str\u00e1nce s recenzemi z\u00e1kazn\u00edk\u016f od\u011bv\u016f Oz Poncho! Zde si m\u016f\u017eete p\u0159e\u010d\u00edst, co na\u0161i \u00fa\u017easn\u00ed z\u00e1kazn\u00edci \u0159\u00edkaj\u00ed o na\u0161ich pon\u010d\u00edch a dal\u0161\u00edch produktech.<\/p>\n<h2>N\u00e1\u0161 z\u00e1vazek ke spokojenosti z\u00e1kazn\u00edk\u016f<\/h2>\n<p>Ve spole\u010dnosti Poncho Clothing se sna\u017e\u00edme, aby na\u0161i z\u00e1kazn\u00edci m\u011bli z nakupov\u00e1n\u00ed u n\u00e1s co nejlep\u0161\u00ed z\u00e1\u017eitek. Na na\u0161e pon\u010da a dal\u0161\u00ed v\u00fdrobky jsme hrd\u00ed a chceme, aby se tak c\u00edtili i na\u0161i z\u00e1kazn\u00edci. Proto bereme z\u00e1kaznick\u00fd servis a spokojenost v\u00e1\u017en\u011b. Na dotazy z\u00e1kazn\u00edk\u016f reagujeme rychle a v\u017edy r\u00e1di se z\u00e1kazn\u00edky spolupracujeme, aby byli se sv\u00fdm n\u00e1kupem spokojeni. Nab\u00edz\u00edme tak\u00e9 30denn\u00ed z\u00e1ruku spokojenosti, tak\u017ee z\u00e1kazn\u00edci mohou nakupovat s jistotou, proto\u017ee v\u011bd\u00ed, \u017ee mohou zbo\u017e\u00ed vr\u00e1tit, pokud nespln\u00ed jejich o\u010dek\u00e1v\u00e1n\u00ed.<\/p>\n<h2>Recenze z\u00e1kazn\u00edk\u016f<\/h2>\n<p>Jsme hrd\u00ed na to, \u017ee se m\u016f\u017eeme pod\u011blit o \u00fa\u017easn\u00e9 recenze, kter\u00e9 jsme obdr\u017eeli od na\u0161ich z\u00e1kazn\u00edk\u016f, kte\u0159\u00ed si zakoupili na\u0161e pon\u010da a u\u017eili si je! P\u0159e\u010dt\u011bte si, pro\u010d je maj\u00ed tak r\u00e1di.<\/p>\n<p>\"Sv\u00e9 pon\u010do Poncho Clothing naprosto miluji. Je tak pohodln\u00e9 a nav\u00edc skv\u011ble vypad\u00e1! Je to dokonal\u00e1 kombinace stylu a prakti\u010dnosti.\" - Jane<\/p>\n<p>\"Koupila jsem pon\u010do Poncho Clothing pro svou dceru a moc se j\u00ed l\u00edb\u00ed. Perfektn\u011b j\u00ed sed\u00ed a nos\u00ed ho po\u0159\u00e1d. Kvalita materi\u00e1lu je tak\u00e9 skv\u011bl\u00e1.\" - Michael<\/p>\n<p>\"Miluji sv\u00e9 pon\u010do Poncho Clothing! Je tak p\u0159\u00edjemn\u00e9 a stylov\u00e9. Poka\u017ed\u00e9, kdy\u017e ho m\u00e1m na sob\u011b, dost\u00e1v\u00e1m komplimenty. V\u0159ele doporu\u010duji tento v\u00fdrobek v\u0161em, kte\u0159\u00ed hledaj\u00ed skv\u011bl\u00e9 pon\u010do.\" - Abigail, Texas<\/p>\n<p>Jsme nad\u0161eni, kdy\u017e sly\u0161\u00edme, \u017ee si na\u0161i z\u00e1kazn\u00edci pon\u010da Poncho Clothing obl\u00edbili! Jsme vd\u011b\u010dn\u00ed za jejich podporu a t\u011b\u0161\u00edme se, \u017ee jim budeme i nad\u00e1le poskytovat ta nejlep\u0161\u00ed pon\u010da na trhu.<\/p>\n<p>D\u011bkujeme, \u017ee jste nav\u0161t\u00edvili str\u00e1nku Hodnocen\u00ed z\u00e1kazn\u00edk\u016f. Douf\u00e1me, \u017ee se v\u00e1m \u010dten\u00ed t\u011bchto recenz\u00ed l\u00edbilo a \u017ee zv\u00e1\u017e\u00edte koupi n\u011bkter\u00e9ho z na\u0161ich pon\u010d pro sebe. Jsme si jisti, \u017ee se v\u00e1m bude l\u00edbit stejn\u011b jako na\u0161im z\u00e1kazn\u00edk\u016fm!<\/p>","protected":false},"excerpt":{"rendered":"<p>Welcome to the Customer Reviews page of Oz Poncho Clothing! Here, you can read what our amazing customers have to say about our ponchos and other products. Our commitment to customer satisfaction At Poncho Clothing, we strive to provide our customers with the best possible experience when shopping with us. We are proud of our [&#8230;]","protected":false},"author":1,"featured_media":0,"parent":0,"menu_order":0,"comment_status":"closed","ping_status":"closed","template":"page-blank-title-center.php","meta":{"footnotes":""},"class_list":["post-21","page","type-page","status-publish","hentry"],"yoast_head":"<!-- This site is optimized with the Yoast SEO plugin v25.9 - https:\/\/yoast.com\/wordpress\/plugins\/seo\/ -->\n<title>Customer Reviews | OZ Poncho<\/title>\n<meta name=\"robots\" content=\"index, follow, max-snippet:-1, max-image-preview:large, max-video-preview:-1\" \/>\n<link rel=\"canonical\" href=\"https:\/\/ozponcho.com.au\/cs\/hodnoceni-zakazniku\/\" \/>\n<meta property=\"og:locale\" content=\"cs_CZ\" \/>\n<meta property=\"og:type\" content=\"article\" \/>\n<meta property=\"og:title\" content=\"Customer Reviews | OZ Poncho\" \/>\n<meta property=\"og:description\" content=\"Welcome to the Customer Reviews page of Oz Poncho Clothing! Here, you can read what our amazing customers have to say about our ponchos and other products. Our commitment to customer satisfaction At Poncho Clothing, we strive to provide our customers with the best possible experience when shopping with us. We are proud of our [...]\" \/>\n<meta property=\"og:url\" content=\"https:\/\/ozponcho.com.au\/cs\/hodnoceni-zakazniku\/\" \/>\n<meta property=\"og:site_name\" content=\"OZ Poncho\" \/>\n<meta property=\"article:modified_time\" content=\"2023-01-28T16:41:47+00:00\" \/>\n<meta name=\"twitter:card\" content=\"summary_large_image\" \/>\n<meta name=\"twitter:label1\" content=\"Odhadovan\u00e1 doba \u010dten\u00ed\" \/>\n\t<meta name=\"twitter:data1\" content=\"2 minuty\" \/>\n<script type=\"application\/ld+json\" class=\"yoast-schema-graph\">{\"@context\":\"https:\/\/schema.org\",\"@graph\":[{\"@type\":\"WebPage\",\"@id\":\"https:\/\/ozponcho.com.au\/customer-reviews\/\",\"url\":\"https:\/\/ozponcho.com.au\/customer-reviews\/\",\"name\":\"Customer Reviews | OZ Poncho\",\"isPartOf\":{\"@id\":\"https:\/\/ozponcho.com.au\/#website\"},\"datePublished\":\"2022-11-26T03:06:36+00:00\",\"dateModified\":\"2023-01-28T16:41:47+00:00\",\"breadcrumb\":{\"@id\":\"https:\/\/ozponcho.com.au\/customer-reviews\/#breadcrumb\"},\"inLanguage\":\"cs\",\"potentialAction\":[{\"@type\":\"ReadAction\",\"target\":[\"https:\/\/ozponcho.com.au\/customer-reviews\/\"]}]},{\"@type\":\"BreadcrumbList\",\"@id\":\"https:\/\/ozponcho.com.au\/customer-reviews\/#breadcrumb\",\"itemListElement\":[{\"@type\":\"ListItem\",\"position\":1,\"name\":\"Home\",\"item\":\"https:\/\/ozponcho.com.au\/\"},{\"@type\":\"ListItem\",\"position\":2,\"name\":\"Customer Reviews\"}]},{\"@type\":\"WebSite\",\"@id\":\"https:\/\/ozponcho.com.au\/#website\",\"url\":\"https:\/\/ozponcho.com.au\/\",\"name\":\"OZ Poncho\",\"description\":\"\",\"potentialAction\":[{\"@type\":\"SearchAction\",\"target\":{\"@type\":\"EntryPoint\",\"urlTemplate\":\"https:\/\/ozponcho.com.au\/?s={search_term_string}\"},\"query-input\":{\"@type\":\"PropertyValueSpecification\",\"valueRequired\":true,\"valueName\":\"search_term_string\"}}],\"inLanguage\":\"cs\"}]}<\/script>\n<!-- \/ Yoast SEO plugin. -->","yoast_head_json":{"title":"Hodnocen\u00ed z\u00e1kazn\u00edk\u016f | OZ Poncho","robots":{"index":"index","follow":"follow","max-snippet":"max-snippet:-1","max-image-preview":"max-image-preview:large","max-video-preview":"max-video-preview:-1"},"canonical":"https:\/\/ozponcho.com.au\/cs\/hodnoceni-zakazniku\/","og_locale":"cs_CZ","og_type":"article","og_title":"Customer Reviews | OZ Poncho","og_description":"Welcome to the Customer Reviews page of Oz Poncho Clothing! Here, you can read what our amazing customers have to say about our ponchos and other products. Our commitment to customer satisfaction At Poncho Clothing, we strive to provide our customers with the best possible experience when shopping with us. We are proud of our [...]","og_url":"https:\/\/ozponcho.com.au\/cs\/hodnoceni-zakazniku\/","og_site_name":"OZ Poncho","article_modified_time":"2023-01-28T16:41:47+00:00","twitter_card":"summary_large_image","twitter_misc":{"Odhadovan\u00e1 doba \u010dten\u00ed":"2 minuty"},"schema":{"@context":"https:\/\/schema.org","@graph":[{"@type":"WebPage","@id":"https:\/\/ozponcho.com.au\/customer-reviews\/","url":"https:\/\/ozponcho.com.au\/customer-reviews\/","name":"Hodnocen\u00ed z\u00e1kazn\u00edk\u016f | OZ Poncho","isPartOf":{"@id":"https:\/\/ozponcho.com.au\/#website"},"datePublished":"2022-11-26T03:06:36+00:00","dateModified":"2023-01-28T16:41:47+00:00","breadcrumb":{"@id":"https:\/\/ozponcho.com.au\/customer-reviews\/#breadcrumb"},"inLanguage":"cs","potentialAction":[{"@type":"ReadAction","target":["https:\/\/ozponcho.com.au\/customer-reviews\/"]}]},{"@type":"BreadcrumbList","@id":"https:\/\/ozponcho.com.au\/customer-reviews\/#breadcrumb","itemListElement":[{"@type":"ListItem","position":1,"name":"Home","item":"https:\/\/ozponcho.com.au\/"},{"@type":"ListItem","position":2,"name":"Customer Reviews"}]},{"@type":"WebSite","@id":"https:\/\/ozponcho.com.au\/#website","url":"https:\/\/ozponcho.com.au\/","name":"OZ Poncho","description":"","potentialAction":[{"@type":"SearchAction","target":{"@type":"EntryPoint","urlTemplate":"https:\/\/ozponcho.com.au\/?s={search_term_string}"},"query-input":{"@type":"PropertyValueSpecification","valueRequired":true,"valueName":"search_term_string"}}],"inLanguage":"cs"}]}},"_links":{"self":[{"href":"https:\/\/ozponcho.com.au\/cs\/wp-json\/wp\/v2\/pages\/21","targetHints":{"allow":["GET"]}}],"collection":[{"href":"https:\/\/ozponcho.com.au\/cs\/wp-json\/wp\/v2\/pages"}],"about":[{"href":"https:\/\/ozponcho.com.au\/cs\/wp-json\/wp\/v2\/types\/page"}],"author":[{"embeddable":true,"href":"https:\/\/ozponcho.com.au\/cs\/wp-json\/wp\/v2\/users\/1"}],"replies":[{"embeddable":true,"href":"https:\/\/ozponcho.com.au\/cs\/wp-json\/wp\/v2\/comments?post=21"}],"version-history":[{"count":0,"href":"https:\/\/ozponcho.com.au\/cs\/wp-json\/wp\/v2\/pages\/21\/revisions"}],"wp:attachment":[{"href":"https:\/\/ozponcho.com.au\/cs\/wp-json\/wp\/v2\/media?parent=21"}],"curies":[{"name":"wp","href":"https:\/\/api.w.org\/{rel}","templated":true}]}}